{"id":1114,"date":"2014-07-22T13:01:49","date_gmt":"2014-07-22T13:01:49","guid":{"rendered":"http:\/\/rescuethemes.com\/themes\/communitycenter\/?page_id=12"},"modified":"2026-03-02T09:50:21","modified_gmt":"2026-03-02T09:50:21","slug":"home","status":"publish","type":"page","link":"https:\/\/queme.org\/en\/","title":{"rendered":"Home"},"content":{"rendered":"<div class=\"wpb-content-wrapper\">[vc_row][vc_column]<div class=\"woocommerce columns-4 \"><ul class=\"products columns-4\">\n<li class=\"product type-product post-42535 status-publish first instock shipping-taxable product-type-simple\">\n\t<a href=\"https:\/\/queme.org\/en\/product\/la-democratie-etouffee\/\" class=\"woocommerce-LoopProduct-link woocommerce-loop-product__link\"><div class=\"product-img\"><img decoding=\"async\" width=\"150\" height=\"150\" src=\"https:\/\/queme.org\/app\/uploads\/woocommerce-placeholder.webp\" class=\"woocommerce-placeholder wp-post-image\" alt=\"Placeholder\" srcset=\"https:\/\/queme.org\/app\/uploads\/woocommerce-placeholder.webp 1200w, https:\/\/queme.org\/app\/uploads\/woocommerce-placeholder-300x300.webp 300w, https:\/\/queme.org\/app\/uploads\/woocommerce-placeholder-1024x1024.webp 1024w, https:\/\/queme.org\/app\/uploads\/woocommerce-placeholder-150x150.webp 150w, https:\/\/queme.org\/app\/uploads\/woocommerce-placeholder-768x768.webp 768w\" sizes=\"(max-width: 150px) 100vw, 150px\" \/><\/div><h2 class=\"woocommerce-loop-product__title\">La d\u00e9mocratie \u00e9touff\u00e9e, <br>Les voix de la dissidence vietnamienne<\/h2>\n<\/a><a href=\"https:\/\/queme.org\/en\/product\/la-democratie-etouffee\/\" aria-describedby=\"woocommerce_loop_add_to_cart_link_describedby_42535\" data-quantity=\"1\" class=\"button product_type_simple\" data-product_id=\"42535\" data-product_sku=\"\" aria-label=\"Read more about &ldquo;La d\u00e9mocratie \u00e9touff\u00e9e, Les voix de la dissidence vietnamienne&rdquo;\" rel=\"nofollow\" data-success_message=\"\">Read more<\/a>\t<span id=\"woocommerce_loop_add_to_cart_link_describedby_42535\" class=\"screen-reader-text\">\n\t\t\t<\/span>\n<\/li>\n<li class=\"product type-product post-6477 status-publish instock product_cat-uncategorized has-post-thumbnail featured shipping-taxable purchasable product-type-simple\">\n\t<a href=\"https:\/\/queme.org\/en\/product\/nhan-dinh\/\" class=\"woocommerce-LoopProduct-link woocommerce-loop-product__link\"><div class=\"product-img\"><img decoding=\"async\" width=\"150\" height=\"240\" src=\"https:\/\/queme.org\/app\/uploads\/2016\/04\/Nhandinh-tqd1-150x240.jpg\" class=\"attachment-woocommerce_thumbnail size-woocommerce_thumbnail\" alt=\"Nh\u1eadn \u0111\u1ecbnh v\u1ec1 nh\u1eefng sai l\u1ea7m tai h\u1ea1i c\u1ee7a \u0110\u1ea3ng C\u1ed9ng s\u1ea3n Vi\u1ec7t Nam \u0111\u1ed1i v\u1edbi D\u00e2n t\u1ed9c v\u00e0 Ph\u1eadt gi\u00e1o c\u1ee7a HT. Th\u00edch Qu\u1ea3ng \u00d0\u1ed9\" srcset=\"https:\/\/queme.org\/app\/uploads\/2016\/04\/Nhandinh-tqd1-150x240.jpg 150w, https:\/\/queme.org\/app\/uploads\/2016\/04\/Nhandinh-tqd1-188x300.jpg 188w, https:\/\/queme.org\/app\/uploads\/2016\/04\/Nhandinh-tqd1-641x1024.jpg 641w, https:\/\/queme.org\/app\/uploads\/2016\/04\/Nhandinh-tqd1-626x1000.jpg 626w, https:\/\/queme.org\/app\/uploads\/2016\/04\/Nhandinh-tqd1.jpg 739w\" sizes=\"(max-width: 150px) 100vw, 150px\" \/><\/div><h2 class=\"woocommerce-loop-product__title\">Nh\u1eadn \u0111\u1ecbnh v\u1ec1 nh\u1eefng sai l\u1ea7m tai h\u1ea1i c\u1ee7a \u0110\u1ea3ng C\u1ed9ng s\u1ea3n Vi\u1ec7t Nam \u0111\u1ed1i v\u1edbi D\u00e2n t\u1ed9c v\u00e0 Ph\u1eadt gi\u00e1o c\u1ee7a HT. Th\u00edch Qu\u1ea3ng \u00d0\u1ed9<\/h2>\n\t<span class=\"price\"><span class=\"woocommerce-Price-amount amount\"><bdi><span class=\"woocommerce-Price-currencySymbol\">&#36;<\/span>12.00<\/bdi><\/span><\/span>\n<\/a><a href=\"\/en\/wp-json\/wp\/v2\/pages\/1114?add-to-cart=6477\" aria-describedby=\"woocommerce_loop_add_to_cart_link_describedby_6477\" data-quantity=\"1\" class=\"button product_type_simple add_to_cart_button ajax_add_to_cart\" data-product_id=\"6477\" data-product_sku=\"\" aria-label=\"Add to cart: &ldquo;Nh\u1eadn \u0111\u1ecbnh v\u1ec1 nh\u1eefng sai l\u1ea7m tai h\u1ea1i c\u1ee7a \u0110\u1ea3ng C\u1ed9ng s\u1ea3n Vi\u1ec7t Nam \u0111\u1ed1i v\u1edbi D\u00e2n t\u1ed9c v\u00e0 Ph\u1eadt gi\u00e1o c\u1ee7a HT. Th\u00edch Qu\u1ea3ng \u00d0\u1ed9&rdquo;\" rel=\"nofollow\" data-success_message=\"&ldquo;Nh\u1eadn \u0111\u1ecbnh v\u1ec1 nh\u1eefng sai l\u1ea7m tai h\u1ea1i c\u1ee7a \u0110\u1ea3ng C\u1ed9ng s\u1ea3n Vi\u1ec7t Nam \u0111\u1ed1i v\u1edbi D\u00e2n t\u1ed9c v\u00e0 Ph\u1eadt gi\u00e1o c\u1ee7a HT. Th\u00edch Qu\u1ea3ng \u00d0\u1ed9&rdquo; has been added to your cart\" role=\"button\">Add to cart<\/a>\t<span id=\"woocommerce_loop_add_to_cart_link_describedby_6477\" class=\"screen-reader-text\">\n\t\t\t<\/span>\n<\/li>\n<li class=\"product type-product post-6479 status-publish instock product_cat-uncategorized has-post-thumbnail featured shipping-taxable purchasable product-type-simple\">\n\t<a href=\"https:\/\/queme.org\/en\/product\/tho-tu\/\" class=\"woocommerce-LoopProduct-link woocommerce-loop-product__link\"><div class=\"product-img\"><img decoding=\"async\" width=\"150\" height=\"236\" src=\"https:\/\/queme.org\/app\/uploads\/2016\/04\/thotu1-150x236.jpg\" class=\"attachment-woocommerce_thumbnail size-woocommerce_thumbnail\" alt=\"Th\u01a1 T\u00f9 &lt;br&gt;&lt;em&gt;Th\u00edch Qu\u1ea3ng \u0110\u1ed9&lt;\/em&gt;\" srcset=\"https:\/\/queme.org\/app\/uploads\/2016\/04\/thotu1-150x236.jpg 150w, https:\/\/queme.org\/app\/uploads\/2016\/04\/thotu1.jpg 177w\" sizes=\"(max-width: 150px) 100vw, 150px\" \/><\/div><h2 class=\"woocommerce-loop-product__title\">Th\u01a1 T\u00f9 <br><em>Th\u00edch Qu\u1ea3ng \u0110\u1ed9<\/em><\/h2>\n\t<span class=\"price\"><span class=\"woocommerce-Price-amount amount\"><bdi><span class=\"woocommerce-Price-currencySymbol\">&#36;<\/span>20.00<\/bdi><\/span><\/span>\n<\/a><a href=\"\/en\/wp-json\/wp\/v2\/pages\/1114?add-to-cart=6479\" aria-describedby=\"woocommerce_loop_add_to_cart_link_describedby_6479\" data-quantity=\"1\" class=\"button product_type_simple add_to_cart_button ajax_add_to_cart\" data-product_id=\"6479\" data-product_sku=\"\" aria-label=\"Add to cart: &ldquo;Th\u01a1 T\u00f9 Th\u00edch Qu\u1ea3ng \u0110\u1ed9&rdquo;\" rel=\"nofollow\" data-success_message=\"&ldquo;Th\u01a1 T\u00f9 &lt;br&gt;&lt;em&gt;Th\u00edch Qu\u1ea3ng \u0110\u1ed9&lt;\/em&gt;&rdquo; has been added to your cart\" role=\"button\">Add to cart<\/a>\t<span id=\"woocommerce_loop_add_to_cart_link_describedby_6479\" class=\"screen-reader-text\">\n\t\t\t<\/span>\n<\/li>\n<\/ul>\n<\/div>[vc_column_text]<strong><em>Que Me : Action for Democracy in Vietnam<\/em><\/strong> is a non-profit organisation of democratic Vietnamese founded in Paris in October 1975. Its aims are to increase international awareness of the human rights situation, mobilize support for victims of human rights abuses and promote efforts for democracy in Vietnam. It has published Qu\u00ea Me (Homeland), a Vietnamese-language magazine since February 1976. The magazine is circulated underground in Vietnam and amongst the Vietnamese diaspora. It promotes democratic ideas, human rights education and culture, and provides a podium for all those working for the development of individual liberties and human rights in Vietnam. Qu\u00ea Me : Action for Democracy in Vietnam conducts human rights campaigns through its international organ, the<strong>Vietnam Committee on Human Rights<\/strong> (VCHR). <strong>Vo Van Ai<\/strong> is the VCHR President, <strong>Penelope Faulkner<\/strong> is Vice-President and<strong>Vo Tran Nhat<\/strong> is Executive Secretary.[\/vc_column_text][\/vc_column][\/vc_row]\n<\/div>","protected":false},"excerpt":{"rendered":"<p>[vc_row][vc_column][vc_column_text]Que Me : Action for Democracy in Vietnam is a non-profit organisation of democratic Vietnamese founded in Paris in October 1975. Its aims are to increase international awareness of the human rights situation, mobilize support for victims of human rights abuses and promote efforts for democracy in Vietnam. It has published Qu\u00ea Me (Homeland), a &hellip;<\/p>\n","protected":false},"author":375,"featured_media":0,"parent":0,"menu_order":0,"comment_status":"closed","ping_status":"closed","template":"","meta":{"_bbp_topic_count":0,"_bbp_reply_count":0,"_bbp_total_topic_count":0,"_bbp_total_reply_count":0,"_bbp_voice_count":0,"_bbp_anonymous_reply_count":0,"_bbp_topic_count_hidden":0,"_bbp_reply_count_hidden":0,"_bbp_forum_subforum_count":0,"footnotes":""},"class_list":["post-1114","page","type-page","status-publish",""],"_links":{"self":[{"href":"https:\/\/queme.org\/en\/wp-json\/wp\/v2\/pages\/1114","targetHints":{"allow":["GET"]}}],"collection":[{"href":"https:\/\/queme.org\/en\/wp-json\/wp\/v2\/pages"}],"about":[{"href":"https:\/\/queme.org\/en\/wp-json\/wp\/v2\/types\/page"}],"author":[{"embeddable":true,"href":"https:\/\/queme.org\/en\/wp-json\/wp\/v2\/users\/375"}],"replies":[{"embeddable":true,"href":"https:\/\/queme.org\/en\/wp-json\/wp\/v2\/comments?post=1114"}],"version-history":[{"count":2,"href":"https:\/\/queme.org\/en\/wp-json\/wp\/v2\/pages\/1114\/revisions"}],"predecessor-version":[{"id":57251,"href":"https:\/\/queme.org\/en\/wp-json\/wp\/v2\/pages\/1114\/revisions\/57251"}],"wp:attachment":[{"href":"https:\/\/queme.org\/en\/wp-json\/wp\/v2\/media?parent=1114"}],"curies":[{"name":"wp","href":"https:\/\/api.w.org\/{rel}","templated":true}]}}