{"id":36065,"date":"2017-07-10T22:28:37","date_gmt":"2017-07-10T22:28:37","guid":{"rendered":"http:\/\/queme.org\/en\/?page_id=36065"},"modified":"2017-12-18T17:47:42","modified_gmt":"2017-12-18T17:47:42","slug":"thich-huyen-quang","status":"publish","type":"page","link":"https:\/\/queme.org\/en\/thich-huyen-quang\/","title":{"rendered":"Thich Huyen Quang"},"content":{"rendered":"<h1 style=\"text-align: center;\">Th\u00edch Huy\u1ec1n Quang<\/h1>\n<p><img decoding=\"async\" class=\"aligncenter wp-image-35825\" src=\"http:\/\/queme.org\/\/app\/uploads\/2017\/06\/2017-0617b.jpg\" alt=\"\" width=\"250\" height=\"315\" srcset=\"https:\/\/queme.org\/app\/uploads\/2017\/06\/2017-0617b.jpg 527w, https:\/\/queme.org\/app\/uploads\/2017\/06\/2017-0617b-150x189.jpg 150w, https:\/\/queme.org\/app\/uploads\/2017\/06\/2017-0617b-238x300.jpg 238w\" sizes=\"(max-width: 250px) 100vw, 250px\" \/><\/p>\n<p>&nbsp;<\/p>\n<p><a href=\"http:\/\/queme.org\/en\/obituary-on-ubcv-supreme-patriarch-thich-huyen-quang\/\" target=\"_blank\">Profile of UBCV Supreme Patriarch Thich Huyen Quang<\/a>, IBIB<\/p>\n<p><a href=\"http:\/\/queme.org\/en\/the-life-and-times-of-thich-huyen-quang\/\" target=\"_blank\">The Life and Times of Thich Huyen Quang<\/a>, by V\u00f5 V\u0103n \u00c1i (in The Wall Street Journal, 16 July 2008)<\/p>\n<p>&nbsp;<\/p>\n<h4>International Media Reports on passing of Patriarch Th\u00edch Huy\u1ec1n Quang<\/h4>\n<p><a href=\"http:\/\/macaudailytimes.com.mo\/archive-2007-2009\/vietnams-top-dissident-buddhist-monk-thich-huyen-quang-dies.html\" target=\"_blank\">Vietnam&#8217;s top dissident Buddhist monk Thich Huyen Quang dies<\/a>, AFP, 5 July 2008<br \/>\n<a href=\"http:\/\/queme.org\/en\/dissident-vietnamese-monk-dies-in-vietnam\/\" target=\"_blank\">Dissident Vietnamese monk dies in Vietnam<\/a>, AP, 5 July 2008<br \/>\n<a href=\"https:\/\/www.reuters.com\/article\/us-vietnam-monk\/dissident-patriarch-of-vietnam-buddhist-group-dies-idUSBKK10120020080706\">Dissident patriarch of Vietnam Buddhist group dies<\/a>, Reuters, 6 July 2008<br \/>\n<a href=\"http:\/\/articles.latimes.com\/2008\/jul\/06\/local\/me-quang6\" target=\"_blank\">Thich Huyen Quang, 87; led outlawed Buddhist church in Vietnam<\/a>, Los Angeles Times, 6 July 2008<br \/>\n<a href=\"http:\/\/www.ipsnews.net\/2008\/07\/vietnam-buddhist-leader-relevant-in-death-as-in-life\/\" target=\"_blank\">Vietnam: Buddhist Leader Relevant in Death &#8211; As in Life<\/a>, IPS, 13 July 2008<br \/>\n<a href=\"https:\/\/www.theguardian.com\/world\/2008\/sep\/03\/buddhism\" target=\"_blank\">Thich Huyen Quang<\/a>, The Guardian, 3 September 2008<\/p>\n<p>&nbsp;<\/p>\n","protected":false},"excerpt":{"rendered":"<p>Th\u00edch Huy\u1ec1n Quang &nbsp; Profile of UBCV Supreme Patriarch Thich Huyen Quang, IBIB The Life and Times of Thich Huyen Quang, by V\u00f5 V\u0103n \u00c1i (in The Wall Street Journal, 16 July 2008) &nbsp; International Media Reports on passing of Patriarch Th\u00edch Huy\u1ec1n Quang Vietnam&#8217;s top dissident Buddhist monk Thich Huyen Quang dies, AFP, 5 &hellip;<\/p>\n","protected":false},"author":434,"featured_media":0,"parent":0,"menu_order":0,"comment_status":"closed","ping_status":"closed","template":"","meta":{"_bbp_topic_count":0,"_bbp_reply_count":0,"_bbp_total_topic_count":0,"_bbp_total_reply_count":0,"_bbp_voice_count":0,"_bbp_anonymous_reply_count":0,"_bbp_topic_count_hidden":0,"_bbp_reply_count_hidden":0,"_bbp_forum_subforum_count":0,"footnotes":""},"class_list":["post-36065","page","type-page","status-publish",""],"_links":{"self":[{"href":"https:\/\/queme.org\/en\/wp-json\/wp\/v2\/pages\/36065","targetHints":{"allow":["GET"]}}],"collection":[{"href":"https:\/\/queme.org\/en\/wp-json\/wp\/v2\/pages"}],"about":[{"href":"https:\/\/queme.org\/en\/wp-json\/wp\/v2\/types\/page"}],"author":[{"embeddable":true,"href":"https:\/\/queme.org\/en\/wp-json\/wp\/v2\/users\/434"}],"replies":[{"embeddable":true,"href":"https:\/\/queme.org\/en\/wp-json\/wp\/v2\/comments?post=36065"}],"version-history":[{"count":0,"href":"https:\/\/queme.org\/en\/wp-json\/wp\/v2\/pages\/36065\/revisions"}],"wp:attachment":[{"href":"https:\/\/queme.org\/en\/wp-json\/wp\/v2\/media?parent=36065"}],"curies":[{"name":"wp","href":"https:\/\/api.w.org\/{rel}","templated":true}]}}