{"id":6435,"date":"2016-04-07T13:46:50","date_gmt":"2016-04-07T13:46:50","guid":{"rendered":"http:\/\/queme.org\/en\/?page_id=6435"},"modified":"2026-01-14T10:04:43","modified_gmt":"2026-01-14T10:04:43","slug":"about-us","status":"publish","type":"page","link":"https:\/\/queme.org\/en\/about-us\/","title":{"rendered":"About us"},"content":{"rendered":"<p><strong>Qu\u00ea Me: Vietnam Committee on Human Rights<\/strong> (VCHR) is a non-governmental organization founded in Paris in 1975 to promote and defend civil, political, economic, social and cultural rights in Vietnam. Its actions cover a wide range of issues such as freedom of expression, freedom of religion or belief, the rights of women, minorities, children, worker rights etc.<\/p>\n<p>Working closely with civil society in Vietnam, VCHR monitors human rights abuses, informs international opinion through its reports and press alerts, and mobilizes international support for human rights progress and the release of prisoners of conscience in Vietnam.<\/p>\n<p>VCHR speaks regularly at the United Nations, the European Parliament and the US Congress, and works with international institutions, democratic governments and civil society to urge Vietnam to build a society truly grounded on the rule of law and bring its legislation into line with international standards.<\/p>\n<p>In Vietnam, VCHR brings direct assistance to victims of human rights abuses. It also seeks to promote a culture of democracy and human rights by publishing reports, articles, or key international and domestic legal texts in Vietnamese, thus providing a source of news and comment on human rights and religious freedom currently unavailable in the state-controlled media.<\/p>\n<p>VCHR is a member of the <a href=\"https:\/\/www.fidh.org\/en\" target=\"_blank\" rel=\"noopener\">FIDH<\/a> since 1989. Founded in 1922, FIDH is an international human rights NGO with 184 members worldwide. It has consultative status at the United Nations. VCHR is also member of the European Platform against Religious Intolerance and Discrimination (<a href=\"http:\/\/www.eprid.eu\" target=\"_blank\" rel=\"noopener\">EPRID<\/a>) since the platform\u2019s creation in 2006.<\/p>\n<p>VCHR President V\u00f5 V\u0103n \u00c1i is also\u00a0Director of the International Buddhist Information Bureau in Paris (IBIB) and human rights spokesman of the Unified Buddhist Church of Vietnam (UBCV), one of the leading civil society voices for religious freedom and human rights in Vietnam.<\/p>\n<p style=\"text-align: center;\"><strong>Vietnam Committee on Human Rights (VCHR)<br \/>\n<\/strong><\/p>\n<p style=\"text-align: center;\">President : Penelope Faulkner<br \/>\nVice-President : V\u00f5 Tr\u1ea7n Nh\u1eadt<\/p>\n<p style=\"text-align: center;\">48 rue Parmentier<br \/>\n94450 Limeil Br\u00e9vannes, France<br \/>\nT\u00e9l.\u00a0: +33 (0)1 45 98 30 85<\/p>\n<p style=\"text-align: center;\"><em><a href=\"http:\/\/queme.org\/en\/about-us\/contact\/\"><u>Contact us<\/u><\/a><\/em><\/p>\n<p style=\"text-align: center;\">***<\/p>\n<p style=\"text-align: center;\">Follow us on:<a href=\"https:\/\/www.facebook.com\/queme.net\/\" target=\"_blank\" rel=\"noopener\"><img decoding=\"async\" class=\"aligncenter wp-image-35015\" src=\"http:\/\/queme.org\/\/app\/uploads\/2014\/07\/facebook-vchr-300x157.jpg\" alt=\"facebook-vchr\" width=\"150\" height=\"79\" srcset=\"https:\/\/queme.org\/app\/uploads\/2014\/07\/facebook-vchr-300x157.jpg 300w, https:\/\/queme.org\/app\/uploads\/2014\/07\/facebook-vchr-150x79.jpg 150w, https:\/\/queme.org\/app\/uploads\/2014\/07\/facebook-vchr-310x165.jpg 310w, https:\/\/queme.org\/app\/uploads\/2014\/07\/facebook-vchr.jpg 600w\" sizes=\"(max-width: 150px) 100vw, 150px\" \/><\/a><\/p>\n<p><a href=\"https:\/\/twitter.com\/vchr2016\" target=\"_blank\" rel=\"noopener\"><img decoding=\"async\" class=\"aligncenter wp-image-35018\" src=\"http:\/\/queme.org\/\/app\/uploads\/2014\/07\/twitter-vchr-300x157.jpg\" alt=\"twitter-vchr\" width=\"150\" height=\"79\" srcset=\"https:\/\/queme.org\/app\/uploads\/2014\/07\/twitter-vchr-300x157.jpg 300w, https:\/\/queme.org\/app\/uploads\/2014\/07\/twitter-vchr-150x79.jpg 150w, https:\/\/queme.org\/app\/uploads\/2014\/07\/twitter-vchr-310x165.jpg 310w, https:\/\/queme.org\/app\/uploads\/2014\/07\/twitter-vchr.jpg 600w\" sizes=\"(max-width: 150px) 100vw, 150px\" \/><\/a><\/p>\n<div align=\"center\">\n<p><span class=\"text\">***<\/span><\/p>\n<p>Donate:<\/p>\n<div align=\"center\">\n<p><span class=\"text\"><img decoding=\"async\" class=\"aligncenter size-full wp-image-34962\" src=\"http:\/\/queme.org\/\/app\/uploads\/2017\/02\/donate-eng.gif\" alt=\"donate-eng\" width=\"181\" height=\"126\" \/><\/span><\/p>\n<\/div>\n<\/div>\n","protected":false},"excerpt":{"rendered":"<p>Qu\u00ea Me: Vietnam Committee on Human Rights (VCHR) is a non-governmental organization founded in Paris in 1975 to promote and defend civil, political, economic, social and cultural rights in Vietnam. Its actions cover a wide range of issues such as freedom of expression, freedom of religion or belief, the rights of women, minorities, children, worker &hellip;<\/p>\n","protected":false},"author":375,"featured_media":0,"parent":0,"menu_order":0,"comment_status":"closed","ping_status":"closed","template":"","meta":{"_bbp_topic_count":0,"_bbp_reply_count":0,"_bbp_total_topic_count":0,"_bbp_total_reply_count":0,"_bbp_voice_count":0,"_bbp_anonymous_reply_count":0,"_bbp_topic_count_hidden":0,"_bbp_reply_count_hidden":0,"_bbp_forum_subforum_count":0,"footnotes":""},"class_list":["post-6435","page","type-page","status-publish",""],"_links":{"self":[{"href":"https:\/\/queme.org\/en\/wp-json\/wp\/v2\/pages\/6435","targetHints":{"allow":["GET"]}}],"collection":[{"href":"https:\/\/queme.org\/en\/wp-json\/wp\/v2\/pages"}],"about":[{"href":"https:\/\/queme.org\/en\/wp-json\/wp\/v2\/types\/page"}],"author":[{"embeddable":true,"href":"https:\/\/queme.org\/en\/wp-json\/wp\/v2\/users\/375"}],"replies":[{"embeddable":true,"href":"https:\/\/queme.org\/en\/wp-json\/wp\/v2\/comments?post=6435"}],"version-history":[{"count":0,"href":"https:\/\/queme.org\/en\/wp-json\/wp\/v2\/pages\/6435\/revisions"}],"wp:attachment":[{"href":"https:\/\/queme.org\/en\/wp-json\/wp\/v2\/media?parent=6435"}],"curies":[{"name":"wp","href":"https:\/\/api.w.org\/{rel}","templated":true}]}}