{"id":1235,"date":"2016-01-28T19:31:21","date_gmt":"2016-01-28T19:31:21","guid":{"rendered":"http:\/\/queme.org\/vi\/?page_id=1235"},"modified":"2017-02-13T14:13:38","modified_gmt":"2017-02-13T14:13:38","slug":"donate","status":"publish","type":"page","link":"https:\/\/queme.org\/vi\/donate\/","title":{"rendered":"Donate"},"content":{"rendered":"<h3 style=\"text-align: center;\"><span class=\"title\">Qu\u00ea M\u1eb9 : H\u00e0nh \u0111\u1ed9ng cho D\u00e2n ch\u1ee7 Vi\u1ec7t Nam<br \/>\n&amp; \u1ee6y ban B\u1ea3o v\u1ec7 Quy\u1ec1n l\u00e0m Ng\u01b0\u1eddi Vi\u1ec7t Nam<br \/>\nmong \u0111\u01b0\u1ee3c B\u1ea1n \u0111\u1ecdc h\u1ed7 tr\u1ee3 t\u00e0i ch\u00e1nh<br \/>\ncho c\u00f4ng t\u00e1c v\u1ea5n \u0111\u1ed9ng qu\u1ed1c t\u1ebf<\/span><\/h3>\n<p>&nbsp;<\/p>\n<div align=\"justify\">\n<p><span class=\"text2\"><strong><span style=\"color: #009900;\">S\u1ef1 h\u1eadu thu\u1eabn c\u1ee7a qu\u00fd v\u1ecb s\u1ebd \u0111\u01b0\u1ee3c d\u00f9ng cho c\u00e1c c\u00f4ng t\u00e1c v\u1eadn \u0111\u1ed9ng qu\u1ed1c t\u1ebf \u0111em l\u1ea1i nh\u00e2n quy\u1ec1n v\u00e0 ti\u1ebfn tr\u00ecnh d\u00e2n ch\u1ee7 h\u00f3a Vi\u1ec7t Nam.<\/span><\/strong><\/span><\/p>\n<\/div>\n<div align=\"left\"><span class=\"text2\"><strong><span style=\"color: #009900;\">Qu\u00fd v\u1ecb c\u00f3 th\u1ec3 g\u1eedi ti\u1ec1n h\u1ed7 tr\u1ee3\u00a0:<\/span><\/strong><\/span><\/div>\n<p style=\"text-align: center;\"><span class=\"text2\"><strong><span style=\"color: #009900;\">\u00a0<\/span><\/strong><\/span><\/p>\n<div class=\"large-6 columns paypal-button\">\n<div>b\u1eb1ng euros<\/div>\n<form action=\"https:\/\/www.paypal.com\/cgi-bin\/webscr\" method=\"post\">\n<input type=\"hidden\" name=\"cmd\" value=\"_s-xclick\">\n<input type=\"hidden\" name=\"hosted_button_id\" value=\"2FBBZ5NTAY2KY\">\n<input type=\"image\" src=\"https:\/\/www.paypalobjects.com\/en_US\/i\/btn\/btn_donateCC_LG.gif\" border=\"0\" name=\"submit\" alt=\"PayPal - The safer, easier way to pay online!\">\n<img decoding=\"async\" alt=\"\" border=\"0\" src=\"https:\/\/www.paypalobjects.com\/fr_FR\/i\/scr\/pixel.gif\" width=\"1\" height=\"1\">\n<\/form><\/div>\n<div class=\"large-6 columns paypal-button\">\n<div> b\u1eb1ng M\u1ef9 kim (US$) <\/div>\n<form action=\"https:\/\/www.paypal.com\/cgi-bin\/webscr\" method=\"post\">\n<input type=\"hidden\" name=\"cmd\" value=\"_s-xclick\">\n<input type=\"hidden\" name=\"hosted_button_id\" value=\"3TJ97YHNDCX4N\">\n<input type=\"image\" src=\"https:\/\/www.paypalobjects.com\/en_US\/i\/btn\/btn_donateCC_LG.gif\" border=\"0\" name=\"submit\" alt=\"PayPal - The safer, easier way to pay online!\">\n<img decoding=\"async\" alt=\"\" border=\"0\" src=\"https:\/\/www.paypalobjects.com\/fr_FR\/i\/scr\/pixel.gif\" width=\"1\" height=\"1\">\n<\/form><\/div>\n<p>&nbsp;<\/p>\n","protected":false},"excerpt":{"rendered":"<p>Qu\u00ea M\u1eb9 : H\u00e0nh \u0111\u1ed9ng cho D\u00e2n ch\u1ee7 Vi\u1ec7t Nam &amp; \u1ee6y ban B\u1ea3o v\u1ec7 Quy\u1ec1n l\u00e0m Ng\u01b0\u1eddi Vi\u1ec7t Nam mong \u0111\u01b0\u1ee3c B\u1ea1n \u0111\u1ecdc h\u1ed7 tr\u1ee3 t\u00e0i ch\u00e1nh cho c\u00f4ng t\u00e1c v\u1ea5n \u0111\u1ed9ng qu\u1ed1c t\u1ebf &nbsp; S\u1ef1 h\u1eadu thu\u1eabn c\u1ee7a qu\u00fd v\u1ecb s\u1ebd \u0111\u01b0\u1ee3c d\u00f9ng cho c\u00e1c c\u00f4ng t\u00e1c v\u1eadn \u0111\u1ed9ng qu\u1ed1c t\u1ebf \u0111em l\u1ea1i &hellip;<\/p>\n","protected":false},"author":375,"featured_media":0,"parent":0,"menu_order":0,"comment_status":"closed","ping_status":"closed","template":"","meta":{"_bbp_topic_count":0,"_bbp_reply_count":0,"_bbp_total_topic_count":0,"_bbp_total_reply_count":0,"_bbp_voice_count":0,"_bbp_anonymous_reply_count":0,"_bbp_topic_count_hidden":0,"_bbp_reply_count_hidden":0,"_bbp_forum_subforum_count":0,"footnotes":""},"class_list":["post-1235","page","type-page","status-publish",""],"_links":{"self":[{"href":"https:\/\/queme.org\/vi\/wp-json\/wp\/v2\/pages\/1235","targetHints":{"allow":["GET"]}}],"collection":[{"href":"https:\/\/queme.org\/vi\/wp-json\/wp\/v2\/pages"}],"about":[{"href":"https:\/\/queme.org\/vi\/wp-json\/wp\/v2\/types\/page"}],"author":[{"embeddable":true,"href":"https:\/\/queme.org\/vi\/wp-json\/wp\/v2\/users\/375"}],"replies":[{"embeddable":true,"href":"https:\/\/queme.org\/vi\/wp-json\/wp\/v2\/comments?post=1235"}],"version-history":[{"count":0,"href":"https:\/\/queme.org\/vi\/wp-json\/wp\/v2\/pages\/1235\/revisions"}],"wp:attachment":[{"href":"https:\/\/queme.org\/vi\/wp-json\/wp\/v2\/media?parent=1235"}],"curies":[{"name":"wp","href":"https:\/\/api.w.org\/{rel}","templated":true}]}}