{"id":39059,"date":"2018-05-09T16:18:54","date_gmt":"2018-05-09T16:18:54","guid":{"rendered":"http:\/\/queme.org\/?page_id=39059\/"},"modified":"2018-05-09T16:20:19","modified_gmt":"2018-05-09T16:20:19","slug":"ve-pttpgqt-va-ghpgvntn","status":"publish","type":"page","link":"https:\/\/queme.org\/vi\/ve-pttpgqt-va-ghpgvntn\/","title":{"rendered":"V\u1ec1 PTTPGQT v\u00e0 GHPGVNTN"},"content":{"rendered":"<p>&nbsp;<\/p>\n<p><img decoding=\"async\" class=\"aligncenter size-full wp-image-39060\" src=\"http:\/\/queme.org\/\/app\/uploads\/2018\/05\/Logo-ibib-web.jpg\" alt=\"\" width=\"120\" height=\"120\" srcset=\"https:\/\/queme.org\/app\/uploads\/2018\/05\/Logo-ibib-web.jpg 120w, https:\/\/queme.org\/app\/uploads\/2018\/05\/Logo-ibib-web-100x100.jpg 100w\" sizes=\"(max-width: 120px) 100vw, 120px\" \/><\/p>\n<p>&nbsp;<\/p>\n<p><strong>V\u1ec1 Ph\u00f2ng Th\u00f4ng tin Ph\u1eadt gi\u00e1o Qu\u1ed1c t\u1ebf (PTTPGQT)<\/strong>\u00a0: \u0110\u1ee9c c\u1ed1 \u0110\u1ec7 Tam T\u0103ng Th\u1ed1ng Th\u00edch \u0110\u00f4n H\u1eadu vi\u00ean t\u1ecbch t\u1ea1i T\u1ed5 \u0111\u00ecnh Linh M\u1ee5 ng\u00e0y 24.4.1992, \u0111\u1ec3 l\u1ea1i Di ch\u00fac cho Ho\u00e0 th\u01b0\u1ee3ng Th\u00edch Huy\u1ec1n Quang v\u00e0 Ho\u00e0 th\u01b0\u1ee3ng Th\u00edch Qu\u1ea3ng \u0110\u1ed9 th\u1eeba k\u1ebf l\u00e3nh \u0111\u1ea1o Gi\u00e1o h\u1ed9i Ph\u1eadt gi\u00e1o Vi\u1ec7t Nam Th\u1ed1ng nh\u1ea5t (GHPGVNTN) v\u00e0 ti\u1ebfp n\u1ed1i cu\u1ed9c v\u1eadn \u0111\u1ed9ng ph\u1ee5c h\u1ed3i quy\u1ec1n sinh ho\u1ea1t Ph\u00e1p l\u00fd c\u1ee7a GHPGVNTN.<\/p>\n<p>K\u1ec3 t\u1eeb \u0111\u1ea5y, v\u1edbi s\u1ef1 h\u1eadu thu\u1eabn b\u1eb1ng v\u0103n th\u01b0 c\u1ee7a Ho\u00e0 th\u01b0\u1ee3ng Th\u00edch Qu\u1ea3ng \u0110\u1ed9 t\u1eeb n\u01a1i b\u1ecb qu\u1ea3n th\u00fac t\u1ec9nh Th\u00e1i B\u00ecnh \u1edf mi\u1ec1n B\u1eafc, Ho\u00e0 th\u01b0\u1ee3ng Th\u00edch Huy\u1ec1n Quang, m\u1ed9t th\u00e2n m\u1ed9t m\u00ecnh, m\u1edf \u0111\u1ea7u cu\u1ed9c v\u1eadn \u0111\u1ed9ng. Nh\u00e0 c\u1ea7m quy\u1ec1n C\u1ed9ng s\u1ea3n H\u00e0 N\u1ed9i ph\u1ea3n \u1ee9ng b\u1eb1ng hai t\u00e0i li\u1ec7u M\u1eadt v\u00e0 Tuy\u1ec7t m\u1eadt ch\u1ec9 th\u1ecb c\u00e1n b\u1ed9 c\u00f4ng an t\u00f4n gi\u00e1o \u0111\u00e0n \u00e1p. T\u1eeb Paris,\u00a0<em>C\u01a1 s\u1edf Qu\u00ea M\u1eb9 : H\u00e0nh \u0111\u1ed9ng cho D\u00e2n ch\u1ee7 Vi\u1ec7t Nam\u00a0<\/em>v\u00e0\u00a0<em>U\u1ef7 ban B\u1ea3o v\u1ec7 Quy\u1ec1n L\u00e0m Ng\u01b0\u1eddi Vi\u1ec7t Nam<\/em>\u00a0\u0111\u01b0a v\u1ea5n \u0111\u1ec1 Ph\u1eadt gi\u00e1o ra LHQ, l\u00ean ti\u1ebfng b\u00e1o \u0111\u1ed9ng th\u1ebf gi\u1edbi v\u1ec1 th\u1ea3m tr\u1ea1ng kh\u1ee7ng b\u1ed1 GHPGVNTN.<\/p>\n<p>Ng\u00e0y 18.1.1993, t\u1eeb n\u01a1i l\u01b0u \u0111\u00e0y Qu\u1ea3ng Ng\u00e3i, Ho\u00e0 th\u01b0\u1ee3ng Th\u00edch Huy\u1ec1n Quang nh\u00e2n danh H\u1ed9i \u0111\u1ed3ng L\u01b0\u1ee1ng Vi\u1ec7n vi\u1ebft th\u01b0 t\u00e1n th\u00e1n v\u00e0 c\u00e1m \u01a1n c\u00f4ng \u0111\u1ee9c \u00f4ng V\u00f5 V\u0103n \u00c1i \u0111\u00e3 can thi\u1ec7p v\u00e0 v\u1eadn \u0111\u1ed9ng qu\u1ed1c t\u1ebf cho GHPGVNTN. V\u00e0i th\u00e1ng sau, Ho\u00e0 th\u01b0\u1ee3ng vi\u1ebft th\u01b0 tay k\u00eau g\u1ecdi \u00f4ng V\u00f5 V\u0103n \u00c1i tr\u1edf v\u1ec1 v\u1edbi Gi\u00e1o h\u1ed9i v\u00e0 thi\u1ebft l\u1eadp c\u01a1 s\u1edf v\u1eadn \u0111\u1ed9ng qu\u1ed1c t\u1ebf cho Gi\u00e1o h\u1ed9i :\u00a0<em>Ph\u00f2ng Th\u00f4ng tin Ph\u1eadt gi\u00e1o Qu\u1ed1c t\u1ebf\u00a0<\/em>ra \u0111\u1eddi. Do nhi\u1ec1u nh\u00e2n duy\u00ean t\u1eeb l\u00e2u tr\u01b0\u1edbc m\u00e0 \u00a0\u00f4ng \u00c1i nh\u1eadn l\u1eddi. \u0110\u1ea1i quan 2 s\u1ef1 ki\u1ec7n ch\u00ednh y\u1ebfu : Th\u00e1ng 7 n\u0103m 1963 t\u1ea1i Paris, \u00f4ng V\u00f5 V\u0103n \u00c1i th\u00e0nh l\u1eadp\u00a0<em>\u201cH\u1ed9i Ph\u1eadt t\u1eed Vi\u1ec7t Ki\u1ec1u H\u1ea3i ngo\u1ea1i\u201d<\/em>\u00a0v\u1edbi 11 chi b\u1ed9 t\u1ea1i c\u00e1c n\u01b0\u1edbc Cam B\u1ed1t, Th\u00e1i Lan, \u1ea4n \u0110\u1ed9, Nh\u1eadt B\u1ea3n, Hoa K\u1ef3, Anh, Ph\u00e1p v\u00e0 nhi\u1ec1u n\u01b0\u1edbc Ch\u00e2u \u00c2u \u0111\u1ec3 h\u1eadu thu\u1eabn cu\u1ed9c \u0111\u1ea5u tranh \u0111\u00f2i h\u1ecfi t\u1ef1 do t\u00edn ng\u01b0\u1ee1ng v\u00e0 b\u00ecnh \u0111\u1eb3ng t\u00f4n gi\u00e1o trong n\u01b0\u1edbc. Sau \u0110\u1ea1i h\u1ed9i to\u00e0n qu\u1ed1c th\u00e0nh l\u1eadp GHPGVNTN n\u0103m 1964, H\u1ed9i \u0111\u01b0\u1ee3c Vi\u1ec7n Ho\u00e1 \u0110\u1ea1o c\u00f4ng nh\u1eadn nh\u01b0 Chi b\u1ed9 h\u1ea3i ngo\u1ea1i c\u1ee7a GHPGVNTN. T\u1eeb \u0111\u00f3 cho \u0111\u1ebfn n\u0103m 1970, \u00f4ng V\u00f5 V\u0103n \u00c1i thay m\u1eb7t Vi\u1ec7n Ho\u00e1 \u0110\u1ea1o m\u1edf nh\u1eefng cu\u1ed9c v\u1eadn \u0111\u1ed9ng qu\u1ed1c t\u1ebf cho Gi\u00e1o h\u1ed9i trong th\u1eddi chi\u1ebfn tranh, \u0111\u1ec3 n\u00f3i l\u00ean l\u1eadp tr\u01b0\u1eddng Ho\u00e0 b\u00ecnh c\u1ee7a GHPGVNTN. N\u0103m 1974, nh\u00e2n \u0111i d\u1ef1 H\u1ed9i ngh\u1ecb Qu\u1ed1c t\u1ebf t\u1ea1i V\u01b0\u01a1ng qu\u1ed1c B\u1ec9, Nh\u1ecb v\u1ecb Ho\u00e0 th\u01b0\u1ee3ng Th\u00edch Thi\u1ec7n Minh v\u00e0 Th\u00edch Huy\u1ec1n Quang \u0111\u1ebfn Paris th\u0103m \u00f4ng V\u00f5 V\u0103n \u00c1i m\u1eddi v\u1ec1 gi\u00fap Ph\u1eadt gi\u00e1o trong n\u01b0\u1edbc. \u00d4ng \u00c1i h\u1ee9a n\u0103m sau s\u1ebd v\u1ec1. Nh\u01b0ng s\u1ef1 bi\u1ebfn 30.4.1975 khi\u1ebfn vi\u1ec7c kh\u00f4ng th\u00e0nh.<\/p>\n<p>Ng\u00e0y 27.8.1999, Ho\u00e0 th\u01b0\u1ee3ng Th\u00edch Qu\u1ea3ng \u0110\u1ed9, Vi\u1ec7n tr\u01b0\u1edfng Vi\u1ec7n Ho\u00e1 \u0110\u1ea1o, ra Quy\u1ebft \u0110\u1ecbnh mang s\u1ed1 01\/VH\u0110\/Q\u0110 c\u00f4ng c\u1eed C\u01b0 s\u0129 V\u00f5 V\u0103n \u00c1i l\u00e0m Gi\u00e1m \u0111\u1ed1c Ph\u00f2ng Th\u00f4ng tin Ph\u1eadt gi\u00e1o Qu\u1ed1c t\u1ebf. Ng\u00e0y 27.9.1999, Ho\u00e0 th\u01b0\u1ee3ng Th\u00edch Qu\u1ea3ng \u0110\u1ed9 ra Th\u00f4ng b\u00e1o s\u1ed1 10\/VH\u0110\/Q\u0110 c\u00f4ng c\u1eed C\u01b0 s\u0129 l\u00e0m Ph\u00e1t ng\u00f4n nh\u00e2n c\u1ee7a GHPGVNTN trong n\u01b0\u1edbc.<\/p>\n<p>\u0110\u1ebfn n\u0103m 2005, Ph\u00f2ng tin Ph\u1eadt gi\u00e1o Qu\u1ed1c t\u1ebf thi\u1ebft l\u1eadp \u0110\u00e0i Ph\u00e1t thanh Ph\u1eadt gi\u00e1o Vi\u1ec7t Nam ph\u00e1t thanh v\u00e0o th\u1ee9 s\u00e1u m\u1ed7i tu\u1ea7n, t\u1eeb 19 gi\u1edd \u0111\u1ebfn 19 gi\u1edd 30, ph\u00e1t v\u1ec1 trong n\u01b0\u1edbc tr\u00ean l\u00e0n s\u00f3ng ng\u1eafn 31 th\u01b0\u1edbc, 9930 Ki-l\u00f4 Hertz.<\/p>\n<p>\u2014\u2014\u2014\u2014\u2014\u2014\u2014\u2014\u2014\u2014-<\/p>\n<p><strong>V\u1ec1 Gi\u00e1o h\u1ed9i Ph\u1eadt gi\u00e1o Vi\u1ec7t Nam Th\u1ed1ng nh\u1ea5t (GHPGVNTN)<\/strong>\u00a0: Theo t\u01b0 li\u1ec7u l\u1ecbch s\u1eed Vi\u1ec7t Nam, tri\u1ec1u Nh\u00e0 \u0110inh \u0111\u1eb7t ch\u1ee9c T\u0103ng Th\u1ed1ng v\u00e0 T\u0103ng l\u1ee5c \u0111\u1ec3 qu\u1ea3n l\u00fd ch\u01b0 T\u0103ng t\u1ea1i n\u01b0\u1edbc ta. Gi\u00e1o h\u1ed9i Ph\u1eadt gi\u00e1o xu\u1ea5t hi\u1ec7n t\u1eeb \u0111\u00f3. C\u00e1c tri\u1ec1u \u0111\u1ea1i L\u00fd, Tr\u1ea7n ti\u1ebfp theo, Ph\u1eadt gi\u00e1o v\u00f4 h\u00ecnh trung tr\u1edf th\u00e0nh qu\u1ed1c gi\u00e1o v\u00e0 \u0111\u00f3ng g\u00f3p l\u1edbn v\u00e0o s\u1ef1 h\u00ecnh th\u00e0nh qu\u1ed1c gia Vi\u1ec7t Nam.<\/p>\n<p>Cu\u1ed9c Tr\u1ecbnh \u2013 Nguy\u1ec5n ph\u00e2n tranh k\u00e9o theo nh\u1eefng bi\u1ebfn c\u1ed1 t\u1eeb khi T\u00e2y ph\u01b0\u01a1ng du nh\u1eadp, n\u01b0\u1edbc ta tr\u1ea3i qua nh\u1eefng th\u1ebf k\u1ef7 d\u00e0i ph\u00e2n ho\u00e1, lo\u1ea1n l\u1ea1c, nhi\u1ec5u nh\u01b0\u01a1ng. Th\u1eddi k\u1ef3 n\u00e0y Ph\u1eadt gi\u00e1o m\u1ea5t \u0111\u1ecba v\u1ecb \u1edf th\u01b0\u1ee3ng t\u1ea7ng tr\u00ed th\u1ee9c v\u00e0 v\u0103n ho\u00e1, r\u01a1i xu\u1ed1ng \u0111\u00e1y t\u1ea7ng c\u1ee7a n\u1ec1n Ph\u1eadt gi\u00e1o b\u00ecnh d\u00e2n, c\u00f4 l\u1eadp. M\u00e3i \u0111\u1ebfn \u0111\u1ea7u th\u1ebf k\u1ef7 XX, nh\u1eefng n\u0103m 20, ch\u01b0 T\u0103ng v\u00e0 C\u01b0 s\u0129 \u01b0u t\u00fa ph\u00e1t \u0111\u1ed9ng cu\u1ed9c Ch\u1ea5n h\u01b0ng Ph\u1eadt gi\u00e1o Vi\u1ec7t Nam \u0111\u1ec3 v\u1ef1c d\u1eady s\u1ee9c s\u1ed1ng v\u0103n hi\u1ebfn v\u00e0 tr\u1ecb li\u1ec7u c\u1ee7a \u0110\u1ea1o C\u1ee9u kh\u1ed5. C\u00e1c t\u1ed5 ch\u1ee9c Ph\u1eadt gi\u00e1o d\u1ea7n d\u00e0 xu\u1ea5t hi\u1ec7n kh\u1eafp 3 mi\u1ec1n Nam, Trung, B\u1eafc d\u01b0\u1edbi h\u00ecnh th\u1ee9c c\u00e1c H\u1ed9i h\u1ecdc Ph\u1eadt. Ng\u00e0y 6.1.1951, H\u1ed9i ngh\u1ecb Ph\u1eadt gi\u00e1o to\u00e0n qu\u1ed1c h\u1ecdp t\u1ea1i ch\u00f9a T\u1eeb \u0110\u00e0m, Hu\u1ebf, v\u1edbi 3 t\u1eadp \u0111o\u00e0n T\u0103ng gi\u00e0 v\u00e0 3 t\u1eadp \u0111o\u00e0n C\u01b0 s\u0129 B\u1eafc Nam Trung, th\u1ed1ng nh\u1ea5t th\u00e0nh T\u1ed5ng h\u1ed9i Ph\u1eadt gi\u00e1o Vi\u1ec7t Nam. Cu\u1ed9c th\u1ed1ng nh\u1ea5t to\u00e0n qu\u1ed1c \u0111\u1ea7u ti\u00ean c\u1ee7a Ph\u1eadt gi\u00e1o. Tuy nhi\u00ean do D\u1ee5 s\u1ed1 10 d\u01b0\u1edbi th\u1eddi thu\u1ed9c Ph\u00e1p, sinh ho\u1ea1t Ph\u1eadt gi\u00e1o b\u1ecb \u0111\u1eb7t m\u00ecnh d\u01b0\u1edbi h\u00ecnh th\u1ee9c Hi\u1ec7p h\u1ed9i, ch\u1ee9 kh\u00f4ng l\u00e0 Gi\u00e1o h\u1ed9i.<\/p>\n<p>N\u0103m 1963, k\u00e9o d\u00e0i t\u1eeb th\u00e1ng 5 \u0111\u1ebfn th\u00e1ng 11.1963, cu\u1ed9c tranh \u0111\u1ea5u c\u1ee7a Ph\u1eadt gi\u00e1o \u1edf Mi\u1ec1n Nam n\u1ed5 ra, \u0111\u00f2i h\u1ecfi cho T\u1ef1 do t\u00edn ng\u01b0\u1ee1ng v\u00e0 B\u00ecnh \u0111\u1eb3ng t\u00f4n gi\u00e1o ch\u1ed1ng l\u1ea1i ch\u00ednh s\u00e1ch k\u1ef3 th\u1ecb t\u00f4n gi\u00e1o d\u01b0\u1edbi th\u1eddi \u0110\u1ec7 nh\u1ea5t C\u1ed9ng ho\u00e0. Gi\u1edbi qu\u00e2n nh\u00e2n Vi\u1ec7t Nam C\u1ed9ng ho\u00e0 l\u00e0m cu\u1ed9c \u0111\u1ea3o ch\u00ednh l\u1eadt \u0111\u1ed5 ch\u00ednh quy\u1ec1n T\u1ed5ng th\u1ed1ng Ng\u00f4 \u0110\u00ecnh \u0110i\u1ec7m ng\u00e0y 1.11.1963.<\/p>\n<p>H\u1ed9i ngh\u1ecb to\u00e0n qu\u1ed1c c\u1ee7a Ph\u1eadt gi\u00e1o h\u1ecdp t\u1ea1i Ch\u00f9a X\u00e1 L\u1ee3i, Saigon, t\u1eeb 31.12.1963 \u0111\u1ebfn ng\u00e0y\u00a0 4.1.1964, v\u1edbi \u0111\u1ea1i bi\u1ec3u c\u1ee7a 11 gi\u00e1o ph\u00e1i. H\u1ed9i ngh\u1ecb cho ra \u0111\u1eddi t\u1ed5 ch\u1ee9c Gi\u00e1o h\u1ed9i c\u1ed1 h\u1eefu t\u1eeb m\u01b0\u1eddi th\u1ebf k\u1ef7 tr\u01b0\u1edbc, mang t\u00ean\u00a0<em>Gi\u00e1o h\u1ed9i Ph\u1eadt gi\u00e1o Vi\u1ec7t Nam Th\u1ed1ng nh\u1ea5t<\/em>\u00a0(GHPGVNTN) d\u01b0\u1edbi s\u1ef1 \u0111i\u1ec1u h\u00e0nh c\u1ee7a H\u1ed9i \u0111\u1ed3ng L\u01b0\u1ee1ng Vi\u1ec7n, t\u1ee9c Vi\u1ec7n T\u0103ng Th\u1ed1ng v\u00e0 Vi\u1ec7n Ho\u00e1 \u0110\u1ea1o (xem Hi\u1ebfn ch\u01b0\u01a1ng c\u1ee7a Gi\u00e1o h\u1ed9i).<\/p>\n<p><em>Gi\u00e1o h\u1ed9i Ph\u1eadt gi\u00e1o Vi\u1ec7t Nam Th\u1ed1ng nh\u1ea5t<\/em>\u00a0bao g\u1ed3m to\u00e0n th\u1ec3 Ph\u1eadt gi\u00e1o \u0111\u1ed3, c\u00f2n g\u1ecdi l\u00e0 T\u1ee9 Ch\u00fang, t\u1ee9c b\u1ed1n th\u00e0nh ph\u1ea7n Ph\u1eadt gi\u00e1o : T\u0103ng, Ni, Nam C\u01b0 s\u0129 v\u00e0 N\u1eef C\u01b0 s\u0129. S\u1ef1 th\u1ed1ng nh\u1ea5t c\u00f3 t\u00ednh l\u1ecbch s\u1eed ch\u01b0a h\u1ec1 x\u1ea9y ra t\u1ea1i b\u1ea5t c\u1ee9 qu\u1ed1c gia n\u00e0o kh\u00e1c tr\u00ean th\u1ebf gi\u1edbi, \u0111\u00f3 l\u00e0 th\u00f4ng nh\u1ea5t hai t\u00f4ng ph\u00e1i l\u1edbn B\u1eafc t\u00f4ng v\u00e0 Nam t\u00f4ng theo ch\u1ee7 tr\u01b0\u01a1ng \u0111i\u1ec1u h\u1ee3p, ngh\u0129a l\u00e0 gi\u00e1o l\u00fd, gi\u1edbi lu\u1eadt v\u00e0 n\u1ebfp s\u1ed1ng c\u1ee7a c\u00e1c t\u00f4ng ph\u00e1i c\u0169ng nh\u01b0 c\u1ee7a hai gi\u1edbi T\u0103ng s\u0129 v\u00e0 C\u01b0 s\u0129.<\/p>\n<p>&nbsp;<\/p>\n<p>&nbsp;<\/p>\n","protected":false},"excerpt":{"rendered":"<p>&nbsp; &nbsp; V\u1ec1 Ph\u00f2ng Th\u00f4ng tin Ph\u1eadt gi\u00e1o Qu\u1ed1c t\u1ebf (PTTPGQT)\u00a0: \u0110\u1ee9c c\u1ed1 \u0110\u1ec7 Tam T\u0103ng Th\u1ed1ng Th\u00edch \u0110\u00f4n H\u1eadu vi\u00ean t\u1ecbch t\u1ea1i T\u1ed5 \u0111\u00ecnh Linh M\u1ee5 ng\u00e0y 24.4.1992, \u0111\u1ec3 l\u1ea1i Di ch\u00fac cho Ho\u00e0 th\u01b0\u1ee3ng Th\u00edch Huy\u1ec1n Quang v\u00e0 Ho\u00e0 th\u01b0\u1ee3ng Th\u00edch Qu\u1ea3ng \u0110\u1ed9 th\u1eeba k\u1ebf l\u00e3nh \u0111\u1ea1o Gi\u00e1o h\u1ed9i Ph\u1eadt gi\u00e1o Vi\u1ec7t Nam &hellip;<\/p>\n","protected":false},"author":434,"featured_media":0,"parent":0,"menu_order":0,"comment_status":"closed","ping_status":"closed","template":"","meta":{"_bbp_topic_count":0,"_bbp_reply_count":0,"_bbp_total_topic_count":0,"_bbp_total_reply_count":0,"_bbp_voice_count":0,"_bbp_anonymous_reply_count":0,"_bbp_topic_count_hidden":0,"_bbp_reply_count_hidden":0,"_bbp_forum_subforum_count":0,"footnotes":""},"class_list":["post-39059","page","type-page","status-publish",""],"_links":{"self":[{"href":"https:\/\/queme.org\/vi\/wp-json\/wp\/v2\/pages\/39059","targetHints":{"allow":["GET"]}}],"collection":[{"href":"https:\/\/queme.org\/vi\/wp-json\/wp\/v2\/pages"}],"about":[{"href":"https:\/\/queme.org\/vi\/wp-json\/wp\/v2\/types\/page"}],"author":[{"embeddable":true,"href":"https:\/\/queme.org\/vi\/wp-json\/wp\/v2\/users\/434"}],"replies":[{"embeddable":true,"href":"https:\/\/queme.org\/vi\/wp-json\/wp\/v2\/comments?post=39059"}],"version-history":[{"count":0,"href":"https:\/\/queme.org\/vi\/wp-json\/wp\/v2\/pages\/39059\/revisions"}],"wp:attachment":[{"href":"https:\/\/queme.org\/vi\/wp-json\/wp\/v2\/media?parent=39059"}],"curies":[{"name":"wp","href":"https:\/\/api.w.org\/{rel}","templated":true}]}}