{"id":6440,"date":"2016-04-07T13:49:02","date_gmt":"2016-04-07T13:49:02","guid":{"rendered":"http:\/\/queme.org\/vi\/?page_id=6440"},"modified":"2026-01-14T10:06:12","modified_gmt":"2026-01-14T10:06:12","slug":"ve-chung-toi","status":"publish","type":"page","link":"https:\/\/queme.org\/vi\/ve-chung-toi\/","title":{"rendered":"V\u1ec1 Qu\u00ea M\u1eb9"},"content":{"rendered":"<p><strong>Qu\u00ea M\u1eb9\u00a0: U\u1ef7 ban B\u1ea3o v\u1ec7 Quy\u1ec1n L\u00e0m Ng\u01b0\u1eddi Vi\u1ec7t Nam (VHCR) <\/strong>l\u00e0 m\u1ed9t t\u1ed5 ch\u1ee9c Phi ch\u00ednh ph\u1ee7 th\u00e0nh l\u1eadp t\u1ea1i Paris cu\u1ed1i n\u0103m 1975 v\u1edbi m\u1ee5c ti\u00eau th\u0103ng ti\u1ebfn v\u00e0 b\u1ea3o v\u1ec7 c\u00e1c quy\u1ec1n d\u00e2n s\u1ef1, ch\u00ednh tr\u1ecb, kinh t\u1ebf, x\u00e3 h\u1ed9i v\u00e0 v\u0103n ho\u00e1 t\u1ea1i Vi\u1ec7t Nam. L\u0129nh v\u1ef1c can thi\u1ec7p bao r\u1ed9ng v\u00e0 \u0111\u1eb7c bi\u1ec7t quan t\u00e2m \u0111\u1ebfn t\u00ecnh h\u00ecnh t\u1ef1 do ng\u00f4n lu\u1eadn, t\u1ef1 do t\u00f4n gi\u00e1o, c\u00e1c quy\u1ec1n ph\u1ee5 n\u1eef v\u00e0 ng\u01b0\u1eddi thi\u1ec3u s\u1ed1, v\u00e2n v\u00e2n.<\/p>\n<p>Nh\u1edd nh\u1eefng quan h\u1ec7 ch\u1eb7t ch\u1ebd v\u1edbi qu\u1ed1c n\u1ed9i, U\u1ef7 ban B\u1ea3o v\u1ec7 Quy\u1ec1n L\u00e0m Ng\u01b0\u1eddi Vi\u1ec7t Nam theo d\u00f5i t\u00ecnh h\u00ecnh nh\u00e2n quy\u1ec1n, thu t\u1eadp c\u00e1c tr\u01b0\u1eddng h\u1ee3p vi ph\u1ea1m \u0111\u1ec3 th\u00f4ng tin, b\u00e1o \u0111\u1ed9ng v\u00e0 v\u1eadn \u0111\u1ed9ng c\u1ed9ng \u0111\u1ed3ng qu\u1ed1c t\u1ebf g\u00e2y \u00e1p l\u1ef1c l\u00ean nh\u00e0 c\u1ea7m quy\u1ec1n Vi\u1ec7t Nam nh\u1eb1m ch\u1ea5m d\u1ee9t c\u00e1c s\u1ef1 vi ph\u1ea1m nh\u00e2n quy\u1ec1n v\u00e0 gi\u1ea3i tho\u00e1t gi\u1edbi t\u00f9 nh\u00e2n v\u00ec l\u01b0\u01a1ng th\u1ee9c.<\/p>\n<p>U\u1ef7 ban B\u1ea3o v\u1ec7 Quy\u1ec1n L\u00e0m Ng\u01b0\u1eddi Vi\u1ec7t Nam l\u00ean ti\u1ebfng th\u01b0\u1eddng xuy\u00ean t\u1ea1i H\u1ed9i \u0111\u1ed3ng Nh\u00e2n quy\u1ec1n LHQ, Qu\u1ed1c h\u1ed9i Ch\u00e2u \u00c2u v\u00e0 Qu\u1ed1c h\u1ed9i Hoa K\u1ef3. U\u1ef7 ban B\u1ea3o v\u1ec7 Quy\u1ec1n L\u00e0m Ng\u01b0\u1eddi Vi\u1ec7t Nam c\u1ed9ng t\u00e1c ch\u1eb7t ch\u1ebd v\u1edbi c\u00e1c c\u01a1 c\u1ea5u qu\u1ed1c t\u1ebf, c\u00e1c ch\u00ednh ph\u1ee7 d\u00e2n ch\u1ee7 v\u00e0 c\u00e1c t\u1ed5 ch\u1ee9c x\u00e3 h\u1ed9i d\u00e2n s\u1ef1 \u0111\u1ec3 g\u00e2y \u00e1p l\u1ef1c bi\u1ebfn Vi\u1ec7t Nam th\u00e0nh m\u1ed9t Nh\u00e0 n\u01b0\u1edbc Ph\u00e1p quy\u1ec1n, tu\u00e2n th\u1ee7 c\u00e1c c\u00f4ng \u01b0\u1edbc qu\u1ed1c t\u1ebf.<\/p>\n<p>Ngay t\u1ea1i Vi\u1ec7t Nam, U\u1ef7 ban B\u1ea3o v\u1ec7 Quy\u1ec1n L\u00e0m Ng\u01b0\u1eddi Vi\u1ec7t Nam gi\u00fap \u0111\u1ee1 v\u00e0 c\u1ed1 v\u1ea5n cho c\u00e1c n\u1ea1n nh\u00e2n b\u1ecb vi ph\u1ea1m nh\u00e2n quy\u1ec1n. U\u1ef7 ban t\u00ecm c\u00e1ch lan truy\u1ec1n n\u1ec1n v\u0103n ho\u00e1 d\u00e2n ch\u1ee7 v\u00e0 nh\u00e2n quy\u1ec1n t\u1ea1i Vi\u1ec7t Nam th\u00f4ng qua s\u1ef1 ph\u1ed5 bi\u1ebfn c\u00e1c v\u0103n ki\u1ec7n c\u01a1 b\u1ea3n ti\u1ebfng Vi\u1ec7t, mang l\u1ea1i nh\u1eefng lu\u1ed3ng tin m\u1edbi m\u1ebb v\u1ec1 quan \u0111i\u1ec3m nh\u00e2n quy\u1ec1n, t\u1ef1 do t\u00f4n gi\u00e1o v\u00e0 d\u00e2n ch\u1ee7 v\u1ed1n kh\u00f4ng hi\u1ec7n h\u1eefu trong ng\u00e0nh truy\u1ec1n th\u00f4ng c\u1ee7a nh\u00e0 n\u01b0\u1edbc Vi\u1ec7t Nam.<\/p>\n<p>T\u1eeb n\u0103m 1989, U\u1ef7 ban B\u1ea3o v\u1ec7 Quy\u1ec1n L\u00e0m Ng\u01b0\u1eddi Vi\u1ec7t Nam l\u00e0 th\u00e0nh vi\u00ean \u0111\u1ea1i di\u1ec7n Vi\u1ec7t Nam trong t\u1ed5 ch\u1ee9c Li\u00ean \u0110o\u00e0n Qu\u1ed1c t\u1ebf Nh\u00e2n quy\u1ec1n (<a href=\"https:\/\/www.fidh.org\/en\" target=\"_blank\" rel=\"noopener\">FIDH<\/a>). Ra \u0111\u1eddi n\u0103m 1922, Li\u00ean \u0110o\u00e0n l\u00e0 m\u1ed9t t\u1ed5 ch\u1ee9c qu\u1ed1c t\u1ebf Phi ch\u00ednh ph\u1ee7 b\u1ea3o v\u1ec7 nh\u00e2n quy\u1ec1n g\u1ed3m c\u00f3 189 qu\u1ed1c gia th\u00e0nh vi\u00ean tr\u00ean kh\u1eafp n\u0103m ch\u00e2u. Li\u00ean \u0110o\u00e0n c\u00f3 quy ch\u1ebf tham v\u1ea5n t\u1ea1i LHQ.<\/p>\n<p>U\u1ef7 ban B\u1ea3o v\u1ec7 Quy\u1ec1n L\u00e0m Ng\u01b0\u1eddi Vi\u1ec7t Nam c\u0169ng l\u00e0 th\u00e0nh vi\u00ean v\u00e0 s\u00e1ng l\u1eadp vi\u00ean <em>Di\u1ec5n \u0110\u00e0n Ch\u00e2u \u00c2u v\u1ec1 B\u1ea5t bao dung v\u00e0 K\u1ef3 th\u1ecb t\u00f4n gi\u00e1o<\/em> (<a href=\"http:\/\/www.eprid.eu\" target=\"_blank\" rel=\"noopener\">EPRID<\/a>) t\u1eeb ng\u00e0y th\u00e0nh l\u1eadp n\u0103m 2006.<\/p>\n<p>\u00d4ng V\u00f5 V\u0103n \u00c1i, Ch\u1ee7 t\u1ecbch U\u1ef7 ban B\u1ea3o v\u1ec7 Quy\u1ec1n L\u00e0m Ng\u01b0\u1eddi Vi\u1ec7t Nam, \u0111\u1ed3ng th\u1eddi \u00f4ng c\u0169ng l\u00e0 Gi\u00e1m \u0111\u1ed1c Ph\u00f2ng Th\u00f4ng tin Ph\u1eadt gi\u00e1o Qu\u1ed1c t\u1ebf (PTTPGQT \/ IBIB) v\u00e0 Ph\u00e1t ng\u00f4n nh\u00e2n c\u1ee7a Gi\u00e1o h\u1ed9i Ph\u1eadt gi\u00e1o Vi\u1ec7t Nam Th\u1ed1ng nh\u1ea5t (UBCV). Gi\u00e1o h\u1ed9i l\u00e0 m\u1ed9t trong nh\u1eefng phong tr\u00e0o d\u00e2n s\u1ef1 ch\u00ednh y\u1ebfu b\u00eanh v\u1ef1c cho nh\u00e2n quy\u1ec1n, t\u1ef1 do t\u00f4n gi\u00e1o v\u00e0 d\u00e2n ch\u1ee7.<\/p>\n<p style=\"text-align: center;\"><strong>U\u1ef7 ban B\u1ea3o v\u1ec7 Quy\u1ec1n L\u00e0m Ng\u01b0\u1eddi Vi\u1ec7t Nam (VCHR)<\/strong><\/p>\n<p style=\"text-align: center;\">Ch\u1ee7 t\u1ecbch : Penelope Faulkner<br \/>\nPh\u00f3 ch\u1ee7 t\u1ecbch : V\u00f5 Tr\u1ea7n Nh\u1eadt<\/p>\n<p style=\"text-align: center;\">48 rue Parmentier<br \/>\n94450 Limeil Br\u00e9vannes, France<\/p>\n<p style=\"text-align: center;\">Tel.: +33 (0) 1 45 98 30 85<\/p>\n<p align=\"center\"><a href=\"http:\/\/queme.org\/vi\/ve-chung-toi\/contact\/\"><em>Li\u00ean l\u1ea1c<\/em><\/a><\/p>\n<p align=\"center\">***<\/p>\n<p style=\"text-align: center;\"><a href=\"https:\/\/www.facebook.com\/queme.net\/\" target=\"_blank\" rel=\"noopener\"><img decoding=\"async\" class=\"aligncenter wp-image-35015\" src=\"https:\/\/queme.org\/app\/uploads\/2014\/07\/facebook-vchr-300x157.jpg\" alt=\"facebook-vchr\" width=\"150\" height=\"79\" srcset=\"https:\/\/queme.org\/app\/uploads\/2014\/07\/facebook-vchr-300x157.jpg 300w, https:\/\/queme.org\/app\/uploads\/2014\/07\/facebook-vchr-150x79.jpg 150w, https:\/\/queme.org\/app\/uploads\/2014\/07\/facebook-vchr-310x165.jpg 310w, https:\/\/queme.org\/app\/uploads\/2014\/07\/facebook-vchr.jpg 600w\" sizes=\"(max-width: 150px) 100vw, 150px\" \/><\/a><\/p>\n<p><a href=\"https:\/\/twitter.com\/vchr2016\" target=\"_blank\" rel=\"noopener\"><img decoding=\"async\" class=\"aligncenter wp-image-35018\" src=\"https:\/\/queme.org\/app\/uploads\/2014\/07\/twitter-vchr-300x157.jpg\" alt=\"twitter-vchr\" width=\"150\" height=\"79\" srcset=\"https:\/\/queme.org\/app\/uploads\/2014\/07\/twitter-vchr-300x157.jpg 300w, https:\/\/queme.org\/app\/uploads\/2014\/07\/twitter-vchr-150x79.jpg 150w, https:\/\/queme.org\/app\/uploads\/2014\/07\/twitter-vchr-310x165.jpg 310w, https:\/\/queme.org\/app\/uploads\/2014\/07\/twitter-vchr.jpg 600w\" sizes=\"(max-width: 150px) 100vw, 150px\" \/><\/a><\/p>\n<div align=\"center\">\n<p><span class=\"text\">***<\/span><\/p>\n<div align=\"center\">\n<p><a href=\"http:\/\/queme.org\/vi\/donate\/\"><span class=\"text\"><img decoding=\"async\" class=\"aligncenter size-full wp-image-34972\" src=\"http:\/\/queme.org\/\/app\/uploads\/2017\/02\/donate-vie.gif\" alt=\"donate-vie\" width=\"181\" height=\"126\" \/><\/span><\/a><\/p>\n<\/div>\n<\/div>\n<p align=\"center\"><span class=\"text\">***<\/span><\/p>\n","protected":false},"excerpt":{"rendered":"<p>Qu\u00ea M\u1eb9\u00a0: U\u1ef7 ban B\u1ea3o v\u1ec7 Quy\u1ec1n L\u00e0m Ng\u01b0\u1eddi Vi\u1ec7t Nam (VHCR) l\u00e0 m\u1ed9t t\u1ed5 ch\u1ee9c Phi ch\u00ednh ph\u1ee7 th\u00e0nh l\u1eadp t\u1ea1i Paris cu\u1ed1i n\u0103m 1975 v\u1edbi m\u1ee5c ti\u00eau th\u0103ng ti\u1ebfn v\u00e0 b\u1ea3o v\u1ec7 c\u00e1c quy\u1ec1n d\u00e2n s\u1ef1, ch\u00ednh tr\u1ecb, kinh t\u1ebf, x\u00e3 h\u1ed9i v\u00e0 v\u0103n ho\u00e1 t\u1ea1i Vi\u1ec7t Nam. L\u0129nh v\u1ef1c can thi\u1ec7p bao &hellip;<\/p>\n","protected":false},"author":375,"featured_media":0,"parent":0,"menu_order":0,"comment_status":"closed","ping_status":"closed","template":"","meta":{"_bbp_topic_count":0,"_bbp_reply_count":0,"_bbp_total_topic_count":0,"_bbp_total_reply_count":0,"_bbp_voice_count":0,"_bbp_anonymous_reply_count":0,"_bbp_topic_count_hidden":0,"_bbp_reply_count_hidden":0,"_bbp_forum_subforum_count":0,"footnotes":""},"class_list":["post-6440","page","type-page","status-publish",""],"_links":{"self":[{"href":"https:\/\/queme.org\/vi\/wp-json\/wp\/v2\/pages\/6440","targetHints":{"allow":["GET"]}}],"collection":[{"href":"https:\/\/queme.org\/vi\/wp-json\/wp\/v2\/pages"}],"about":[{"href":"https:\/\/queme.org\/vi\/wp-json\/wp\/v2\/types\/page"}],"author":[{"embeddable":true,"href":"https:\/\/queme.org\/vi\/wp-json\/wp\/v2\/users\/375"}],"replies":[{"embeddable":true,"href":"https:\/\/queme.org\/vi\/wp-json\/wp\/v2\/comments?post=6440"}],"version-history":[{"count":0,"href":"https:\/\/queme.org\/vi\/wp-json\/wp\/v2\/pages\/6440\/revisions"}],"wp:attachment":[{"href":"https:\/\/queme.org\/vi\/wp-json\/wp\/v2\/media?parent=6440"}],"curies":[{"name":"wp","href":"https:\/\/api.w.org\/{rel}","templated":true}]}}