{"id":41269,"date":"2019-04-22T22:09:19","date_gmt":"2019-04-22T22:09:19","guid":{"rendered":"https:\/\/queme.org\/?post_type=product&#038;p=41269"},"modified":"2026-02-16T15:02:32","modified_gmt":"2026-02-16T15:02:32","slug":"ramthi-vu","status":"publish","type":"product","link":"https:\/\/queme.org\/vi\/san-pham\/ramthi-vu\/","title":{"rendered":"R\u1eb1m<br><em>Thi V\u0169<\/em>"},"content":{"rendered":"","protected":false},"excerpt":{"rendered":"<p><span style=\"color: #c00000;\"><strong>R\u1eb0M, THI V\u0168,<\/strong><\/span> 108 b\u00e0i th\u01a1, 123 trang, kh\u1ed5 s\u00e1ch 20 x 20 cm <strong>\u2014<\/strong> <span style=\"color: #c00000;\">S\u00e1ch \u0111\u00f3ng ch\u1ec9<\/span> <strong>\u2014<\/strong> <span style=\"color: #c00000;\">\u1ea4n lo\u00e1t tuy\u1ec7t \u0111\u1eb9p<\/span>.<\/p>\n<p>&nbsp;<\/p>\n<p>R\u1eb0M gi\u1edbi thi\u1ec7u l\u1ea1i m\u1ed9t c\u00e1ch t\u00e1i t\u1ea1o th\u01a1 14 ch\u1eef t\u1eeb m\u1ed9t nh\u00e0 th\u01a1 \u01b0a ch\u01a1i ch\u1eef sang ch\u1eef tinh ch\u01a1i ch\u1eef m\u1ed9t c\u00e1ch tr\u00ed th\u1ee9c c\u1ea7u k\u1ef3 hi\u1ec3u theo ngh\u0129a c\u1ea7u k\u1ef3 l\u00e0 m\u1ed9t ki\u1ebfn tr\u00fac ngh\u1ec7 thu\u1eadt kh\u00e9o l\u1eddi, \u0111\u1eb3ng c\u1ea5p, \u0111\u00e1ng ng\u01b0\u1ee1ng m\u1ed9 d\u00f9ng b\u00ecnh c\u1ed5 nh\u01b0ng ph\u00e1t bi\u1ec3u t\u00e2m t\u00ecnh \u0111\u01b0\u01a1ng \u0111\u1ea1i ch\u1ee9a \u0111\u1ef1ng c\u00e1ch tri\u1ebft l\u00fd thi ca c\u1ee7a b\u1eadc th\u1ee9c gi\u1ea3 hai t\u1eadp th\u01a1 <span style=\"color: #c00000;\">\u2014 R\u1eb1m &amp; D\u1eb7m Th\u01a1 \u2014<\/span> hi\u1ebfm qu\u00fd cho nh\u1eefng ai y\u00eau th\u01a1 tr\u00ed tu\u1ec7 v\u00e0 th\u00edch n\u00e2ng niu m\u1ed9t t\u1eadp th\u01a1 \u0111\u1eb9p tr\u00ean tay.<\/p>\n<p style=\"text-align: right;\">tr\u00edch Trang Web V\u0103n h\u1ecdc Gi\u00f3-O<\/p>\n<p>&nbsp;<\/p>\n<p>&nbsp;<\/p>\n<p><span style=\"color: #c00000;\"><u>T<\/u>\u1ea1<u>i Hoa K\u1ef3 &amp; Canada<\/u>, Gi\u00e1\u00a0: 29$US + 5$US b\u01b0u ph\u00ed<\/span> <strong>\u2014<\/strong> <span style=\"color: #c00000;\">Chi phi\u1ebfu \u0111\u1ec1 t\u00ean <strong>Qu\u00ea M\u1eb9<\/strong> g\u1eedi v\u1ec1 \u0110\u1ecba ch\u1ec9<\/span> <strong>Tuan Vo \u2014 P.O. Box 9798 \u2014 Fountain Valley, CA 92728<\/strong> <span style=\"color: #c00000;\">ho\u1eb7c mua tr\u00ean Website<\/span> <a href=\"https:\/\/queme.org\/vi\/san-pham\/ramthi-vu\/\">http:\/\/queme.org<\/a><\/p>\n<p>&nbsp;<\/p>\n<p><span style=\"color: #c00000;\"><u>T<\/u>\u1ea1<u>i Ph\u00e1p v\u00e0 \u00c2u ch\u00e2u,<\/u> Gi\u00e1 29 Euros, + 5 Euros b\u01b0u ph\u00ed<\/span> <strong>\u2014<\/strong> <span style=\"color: #c00000;\">Chi phi\u1ebfu \u0111\u1ec1 t\u00ean <strong>Qu\u00ea M\u1eb9<\/strong> g\u1eedi v\u1ec1 \u0111\u1ecba ch\u1ec9<\/span> <strong>Qu\u00ea M\u1eb9 &#8211; 48 rue Parmentier \u2014 94450 Limeil \u2013 Br\u00e9vannes \u2013 France<\/strong> <span style=\"color: #c00000;\">ho\u1eb7c mua tr\u00ean Website<\/span> <a href=\"https:\/\/queme.org\/vi\/san-pham\/ramthi-vu\/\">http:\/\/queme.org<\/a><\/p>\n<p>&nbsp;<\/p>\n","protected":false},"featured_media":41302,"comment_status":"open","ping_status":"closed","template":"","meta":{"_bbp_topic_count":0,"_bbp_reply_count":0,"_bbp_total_topic_count":0,"_bbp_total_reply_count":0,"_bbp_voice_count":0,"_bbp_anonymous_reply_count":0,"_bbp_topic_count_hidden":0,"_bbp_reply_count_hidden":0,"_bbp_forum_subforum_count":0},"product_brand":[],"product_cat":[827],"product_tag":[822],"class_list":{"0":"post-41269","1":"product","2":"type-product","3":"status-publish","4":"has-post-thumbnail","5":"","6":"product_cat-sach","7":"product_tag-thi-vu","8":"product_shipping_class-rate-1","10":"first","11":"instock","12":"shipping-taxable","13":"purchasable","14":"product-type-simple"},"_links":{"self":[{"href":"https:\/\/queme.org\/vi\/wp-json\/wp\/v2\/product\/41269","targetHints":{"allow":["GET"]}}],"collection":[{"href":"https:\/\/queme.org\/vi\/wp-json\/wp\/v2\/product"}],"about":[{"href":"https:\/\/queme.org\/vi\/wp-json\/wp\/v2\/types\/product"}],"replies":[{"embeddable":true,"href":"https:\/\/queme.org\/vi\/wp-json\/wp\/v2\/comments?post=41269"}],"wp:featuredmedia":[{"embeddable":true,"href":"https:\/\/queme.org\/vi\/wp-json\/wp\/v2\/media\/41302"}],"wp:attachment":[{"href":"https:\/\/queme.org\/vi\/wp-json\/wp\/v2\/media?parent=41269"}],"wp:term":[{"taxonomy":"product_brand","embeddable":true,"href":"https:\/\/queme.org\/vi\/wp-json\/wp\/v2\/product_brand?post=41269"},{"taxonomy":"product_cat","embeddable":true,"href":"https:\/\/queme.org\/vi\/wp-json\/wp\/v2\/product_cat?post=41269"},{"taxonomy":"product_tag","embeddable":true,"href":"https:\/\/queme.org\/vi\/wp-json\/wp\/v2\/product_tag?post=41269"}],"curies":[{"name":"wp","href":"https:\/\/api.w.org\/{rel}","templated":true}]}}