{"id":41275,"date":"2019-04-22T22:36:53","date_gmt":"2019-04-22T22:36:53","guid":{"rendered":"https:\/\/queme.org\/?post_type=product&#038;p=41275"},"modified":"2019-06-24T07:57:08","modified_gmt":"2019-06-24T07:57:08","slug":"dam-tho-thi-vu","status":"publish","type":"product","link":"https:\/\/queme.org\/vi\/san-pham\/dam-tho-thi-vu\/","title":{"rendered":"D\u1eb7m Th\u01a1<br> <em>Thi V\u0169<\/em>"},"content":{"rendered":"","protected":false},"excerpt":{"rendered":"<p><span style=\"color: #c00000;\"><strong>D\u1eb6M TH\u01a0, THI V\u0168,<\/strong><\/span> 108 b\u00e0i th\u01a1, 165 trang, kh\u1ed5 s\u00e1ch 14,5 x 24 cm <strong>\u2014<\/strong> <span style=\"color: #c00000;\">S\u00e1ch \u0111\u00f3ng ch\u1ec9<\/span> <strong>\u2014<\/strong> <span style=\"color: #c00000;\">\u1ea4n lo\u00e1t tuy\u1ec7t \u0111\u1eb9p<\/span>.<\/p>\n<p>&nbsp;<\/p>\n<p>\u201cThi V\u0169 n\u00f3i c\u00f9ng m\u1ed9t ti\u1ebfng n\u00f3i v\u1edbi Ren\u00e9 Char, ti\u1ebfng th\u01a1 c\u1ea7u k\u1ef3 m\u00e0 kh\u00f4ng ph\u00e1 hu\u1ef7 tinh tu\u00fd c\u1ee7a thi ca, nh\u1eefng ti\u1ebfng x\u01b0a, m\u1edbi, c\u0169, xa l\u1ea1, nh\u1eefng \u00e2m thanh \u0111\u1ed5 r\u00f3t v\u00e0o nhau, v\u1eeba b\u00ed hi\u1ec3m, v\u1eeba hi\u1ec1n l\u00e0nh, v\u1eeba u\u1ef7 m\u1ecb v\u1eeba m\u1ea1nh b\u1ea1o, ch\u1edbi v\u1edbi tr\u00ean n\u1ea5c thang l\u01a1 l\u1eefng c\u1ee7a nh\u1eefng bu\u1ed5i s\u1edbm th\u1eadt s\u1edbm, nh\u1eefng bu\u1ed5i tinh th\u01a1, nh\u1eefng bu\u1ed5i s\u1edbm thi s\u0129, <em>les matinaux\u201d.<\/em><\/p>\n<p style=\"text-align: right;\">tr\u00edch T\u1ef1a c\u1ee7a Ph\u1ea1m C\u00f4ng Thi\u1ec7n<\/p>\n<p>&nbsp;<\/p>\n<p>&nbsp;<\/p>\n<p><span style=\"color: #c00000;\"><u>T<\/u>\u1ea1<u>i Hoa K\u1ef3 &amp; Canada<\/u>, Gi\u00e1\u00a0: 25$US + 5$US b\u01b0u ph\u00ed<\/span> <strong>\u2014<\/strong> <span style=\"color: #c00000;\">Chi phi\u1ebfu \u0111\u1ec1 t\u00ean <strong>Qu\u00ea M\u1eb9<\/strong> g\u1eedi v\u1ec1 \u0110\u1ecba ch\u1ec9<\/span> <strong>Tuan Vo \u2014 P.O. Box 9798 \u2014 Fountain Valley, CA 92728.<\/strong><\/p>\n<p>&nbsp;<\/p>\n<p><span style=\"color: #c00000;\"><u>T\u1ea1i Ph\u00e1p v\u00e0 \u00c2u ch\u00e2u<\/u>, Gi\u00e1 25 Euros, + 5 Euros b\u01b0u ph\u00ed<\/span> <strong>\u2014<\/strong> <span style=\"color: #c00000;\">Chi phi\u1ebfu \u0111\u1ec1 t\u00ean <strong>Qu\u00ea M\u1eb9<\/strong> g\u1eedi v\u1ec1 \u0111\u1ecba ch\u1ec9<\/span> <strong>Qu\u00ea M\u1eb9 &#8211; 48 rue Parmentier \u2014 94450 Limeil \u2013 Br\u00e9vannes &#8211; France<\/strong><\/p>\n<p>&nbsp;<\/p>\n","protected":false},"featured_media":41305,"comment_status":"open","ping_status":"closed","template":"","meta":{"_bbp_topic_count":0,"_bbp_reply_count":0,"_bbp_total_topic_count":0,"_bbp_total_reply_count":0,"_bbp_voice_count":0,"_bbp_anonymous_reply_count":0,"_bbp_topic_count_hidden":0,"_bbp_reply_count_hidden":0,"_bbp_forum_subforum_count":0},"product_brand":[],"product_cat":[827],"product_tag":[822],"class_list":{"0":"post-41275","1":"product","2":"type-product","3":"status-publish","4":"has-post-thumbnail","5":"","6":"product_cat-sach","7":"product_tag-thi-vu","8":"product_shipping_class-rate-1","10":"first","11":"instock","12":"shipping-taxable","13":"purchasable","14":"product-type-simple"},"_links":{"self":[{"href":"https:\/\/queme.org\/vi\/wp-json\/wp\/v2\/product\/41275","targetHints":{"allow":["GET"]}}],"collection":[{"href":"https:\/\/queme.org\/vi\/wp-json\/wp\/v2\/product"}],"about":[{"href":"https:\/\/queme.org\/vi\/wp-json\/wp\/v2\/types\/product"}],"replies":[{"embeddable":true,"href":"https:\/\/queme.org\/vi\/wp-json\/wp\/v2\/comments?post=41275"}],"wp:featuredmedia":[{"embeddable":true,"href":"https:\/\/queme.org\/vi\/wp-json\/wp\/v2\/media\/41305"}],"wp:attachment":[{"href":"https:\/\/queme.org\/vi\/wp-json\/wp\/v2\/media?parent=41275"}],"wp:term":[{"taxonomy":"product_brand","embeddable":true,"href":"https:\/\/queme.org\/vi\/wp-json\/wp\/v2\/product_brand?post=41275"},{"taxonomy":"product_cat","embeddable":true,"href":"https:\/\/queme.org\/vi\/wp-json\/wp\/v2\/product_cat?post=41275"},{"taxonomy":"product_tag","embeddable":true,"href":"https:\/\/queme.org\/vi\/wp-json\/wp\/v2\/product_tag?post=41275"}],"curies":[{"name":"wp","href":"https:\/\/api.w.org\/{rel}","templated":true}]}}