{"id":41290,"date":"2017-01-23T15:00:22","date_gmt":"2017-01-23T15:00:22","guid":{"rendered":"https:\/\/queme.org\/?post_type=product&#038;p=41290"},"modified":"2019-06-24T07:57:20","modified_gmt":"2019-06-24T07:57:20","slug":"nguoi-tri-thuc-hanh-dong-va-dan-duong-thi-vu-vo-van-ai","status":"publish","type":"product","link":"https:\/\/queme.org\/vi\/san-pham\/nguoi-tri-thuc-hanh-dong-va-dan-duong-thi-vu-vo-van-ai\/","title":{"rendered":"Ng\u01b0\u1eddi Tr\u00ed Th\u1ee9c H\u00e0nh \u0110\u1ed9ng v\u00e0 D\u1eabn \u0110\u01b0\u1eddng<br> <em>Thi V\u0169 V\u00f5 V\u0103n \u00c1i<\/em>"},"content":{"rendered":"","protected":false},"excerpt":{"rendered":"<p><span style=\"color: #c00000;\"><strong>NG\u01af\u1edcI TR\u00cd TH\u1ee8C H\u00c0NH \u0110\u1ed8NG V\u00c0 D\u1eaaN \u0110\u01af\u1edcNG<\/strong>, <strong>Thi V\u0169 V\u00f5 V\u0103n \u00c1i,<\/strong><\/span> S\u00e1ch \u0111\u00f3ng ch\u1ec9 v\u00e0 \u1ea5n lo\u00e1t tuy\u1ec7t \u0111\u1eb9p, b\u00eca c\u1ee9ng m\u1ea1 v\u00e0ng, <strong>332 trang<\/strong> v\u00e0 <strong>48<\/strong> trang h\u00ecnh m\u00e0u.<\/p>\n<p>&nbsp;<\/p>\n<p><span style=\"color: #c00000;\"><strong>NG\u01af\u1edcI TR\u00cd TH\u1ee8C H\u00c0NH \u0110\u1ed8NG V\u00c0 D\u1eaaN \u0110\u01af\u1edcNG<\/strong>\u00a0\u2013 <strong>Thi V\u0169 V\u00f5 V\u0103n \u00c1i<\/strong><\/span> tr\u1ea3 l\u1eddi 56 c\u00e2u ph\u1ecfng v\u1ea5n c\u1ee7a Ch\u1ee7 bi\u00ean T\u1ea1p ch\u00ed V\u0103n h\u1ecdc Gi\u00f3 O, L\u00ea Th\u1ecb Hu\u1ec7, tr\u00ean M\u1ea1ng Gio-O.com th\u00e1ng 11.2009 v\u00e0 \u0111\u00e3 \u0111\u01b0\u1ee3c g\u1ea7n 400.000 l\u01b0\u1ee3t ng\u01b0\u1eddi v\u00e0o \u0111\u1ecdc trong th\u1eddi gian 2 th\u00e1ng. Nay \u0111\u01b0\u1ee3c Nh\u00e0 xu\u1ea5t b\u1ea3n Qu\u00ea M\u1eb9 \u1edf Paris \u1ea5n h\u00e0nh th\u00e1ng 5.2010 v\u1edbi nhi\u1ec1u nhu\u1eadn ch\u00ednh, b\u1ed5 sung t\u00e0i li\u1ec7u, h\u00ecnh \u1ea3nh v\u00e0 ch\u00fa gi\u1ea3i.<\/p>\n<p>&nbsp;<\/p>\n<p><span style=\"color: #c00000;\"><strong>NG\u01af\u1edcI TR\u00cd TH\u1ee8C H\u00c0NH \u0110\u1ed8NG V\u00c0 D\u1eaaN \u0110\u01af\u1edcNG<\/strong><\/span>\u00a0l\u00e0 ho\u1ea1t \u0111\u1ed9ng c\u1ee7a ng\u01b0\u1eddi d\u1eabn \u0111\u1ea7u C\u01a1 s\u1edf Qu\u00ea M\u1eb9\u00a0: H\u00e0nh \u0111\u1ed9ng cho D\u00e2n ch\u1ee7 Vi\u1ec7t Nam trong cu\u1ed9c v\u1eadn \u0111\u1ed9ng qu\u1ed1c t\u1ebf kh\u00f4ng ti\u1ec1n kho\u00e1ng h\u1eadu v\u00e0 kh\u00f4ng ng\u01b0ng ngh\u1ec9 t\u1eeb 60 n\u0103m qua cho con \u0111\u01b0\u1eddng d\u00e2n t\u1ed9c tho\u00e1t ly t\u1ea3 h\u1eefu \u0111\u1ec3 mang l\u1ea1i t\u1ef1 do, nh\u00e2n quy\u1ec1n v\u00e0 d\u00e2n ch\u1ee7 cho m\u1ed9t \u0111\u1ea5t n\u01b0\u1edbc \u0111i\u00eau linh v\u00ec n\u1ed9i chi\u1ebfn v\u00e0 n\u1ea1n b\u00e8 ph\u00e1i. S\u00e1ch c\u00f2n \u0111\u00e1nh m\u1ed9t c\u00e1i nh\u00ecn v\u1ec1 l\u1ecbch s\u1eed c\u1eadn \u0111\u1ea1i Vi\u1ec7t Nam, v\u1ec1 n\u1ec1n v\u0103n h\u1ecdc Vi\u1ec7t tr\u01b0\u1edbc c\u00e1c tr\u00e0o l\u01b0u ph\u01b0\u01a1ng T\u00e2y, v\u00e0 y\u1ebfu t\u00ednh c\u1ee7a Ph\u1eadt gi\u00e1o Vi\u1ec7t Nam trong \u0111\u1eddi s\u1ed1ng th\u01b0\u1eddng ng\u00e0y c\u1ee7a ng\u01b0\u1eddi Ph\u1eadt t\u1eed chuy\u1ec3n h\u00f3a th\u1ebf s\u1ef1.<\/p>\n<p>&nbsp;<\/p>\n<p><span style=\"color: #c00000;\"><u>T<\/u>\u1ea1<u>i Hoa K\u1ef3 &amp; Canada<\/u> : Gi\u00e1 <strong>25 US$ <\/strong>+ <strong>5$US<\/strong> b\u01b0u ph\u00ed g\u1eedi s\u00e1ch. Chi phi\u1ebfu \u0111\u1ec1 t\u00ean\u00a0<strong>Qu\u00ea M\u1eb9, <\/strong>\u1edf Hoa K\u1ef3\u00a0g\u1eedi v\u1ec1 \u0111\u1ecba ch\u1ec9 b\u01b0u \u0111i\u1ec7n<\/span> <strong>Tuan Vo \u2014 P.O. Box 9798 \u2014 Fountain Valley, CA 92728<\/strong><strong>.<\/strong><\/p>\n<p>&nbsp;<\/p>\n<p><span style=\"color: #c00000;\"><span style=\"text-decoration: underline;\">T<\/span>\u1ea1<span style=\"text-decoration: underline;\">i Ph\u00e1p v\u00e0 \u00c2u ch\u00e2u<\/span> : Gi\u00e1 <strong>25 Euros<\/strong>, + <strong>5 Euros<\/strong> b\u01b0u ph\u00ed g\u1eedi s\u00e1ch. Chi phi\u1ebfu \u0111\u1ec1 t\u00ean\u00a0<strong>Qu\u00ea M\u1eb9<\/strong>\u00a0v\u00e0 g\u1eedi v\u1ec1 \u0111\u1ecba ch\u1ec9<\/span> <strong>Qu\u00ea M\u1eb9 \u2014 48 rue Parmentier \u2013 94450 Limeil Br\u00e9vannes &#8211; France<\/strong><\/p>\n","protected":false},"featured_media":41298,"comment_status":"open","ping_status":"closed","template":"","meta":{"_bbp_topic_count":0,"_bbp_reply_count":0,"_bbp_total_topic_count":0,"_bbp_total_reply_count":0,"_bbp_voice_count":0,"_bbp_anonymous_reply_count":0,"_bbp_topic_count_hidden":0,"_bbp_reply_count_hidden":0,"_bbp_forum_subforum_count":0},"product_brand":[],"product_cat":[827],"product_tag":[822,823],"class_list":{"0":"post-41290","1":"product","2":"type-product","3":"status-publish","4":"has-post-thumbnail","5":"","6":"product_cat-sach","7":"product_tag-thi-vu","8":"product_tag-vo-van-ai","9":"product_shipping_class-rate-1","11":"first","12":"instock","13":"shipping-taxable","14":"purchasable","15":"product-type-simple"},"_links":{"self":[{"href":"https:\/\/queme.org\/vi\/wp-json\/wp\/v2\/product\/41290","targetHints":{"allow":["GET"]}}],"collection":[{"href":"https:\/\/queme.org\/vi\/wp-json\/wp\/v2\/product"}],"about":[{"href":"https:\/\/queme.org\/vi\/wp-json\/wp\/v2\/types\/product"}],"replies":[{"embeddable":true,"href":"https:\/\/queme.org\/vi\/wp-json\/wp\/v2\/comments?post=41290"}],"wp:featuredmedia":[{"embeddable":true,"href":"https:\/\/queme.org\/vi\/wp-json\/wp\/v2\/media\/41298"}],"wp:attachment":[{"href":"https:\/\/queme.org\/vi\/wp-json\/wp\/v2\/media?parent=41290"}],"wp:term":[{"taxonomy":"product_brand","embeddable":true,"href":"https:\/\/queme.org\/vi\/wp-json\/wp\/v2\/product_brand?post=41290"},{"taxonomy":"product_cat","embeddable":true,"href":"https:\/\/queme.org\/vi\/wp-json\/wp\/v2\/product_cat?post=41290"},{"taxonomy":"product_tag","embeddable":true,"href":"https:\/\/queme.org\/vi\/wp-json\/wp\/v2\/product_tag?post=41290"}],"curies":[{"name":"wp","href":"https:\/\/api.w.org\/{rel}","templated":true}]}}