{"id":41362,"date":"2017-01-17T16:56:41","date_gmt":"2017-01-17T16:56:41","guid":{"rendered":"https:\/\/queme.org\/?post_type=product&#038;p=41362"},"modified":"2019-06-24T07:58:05","modified_gmt":"2019-06-24T07:58:05","slug":"goi-tham-giua-paris-thi-vu","status":"publish","type":"product","link":"https:\/\/queme.org\/vi\/san-pham\/goi-tham-giua-paris-thi-vu\/","title":{"rendered":"G\u1ecdi Th\u1ea7m gi\u1eefa Paris<br> <em>Thi V\u0169<\/em>"},"content":{"rendered":"","protected":false},"excerpt":{"rendered":"<p><strong><span style=\"color: #c00000;\">G\u1eccI TH\u1ea6M GI\u1eeeA PARIS, 58 b\u00e0i T\u1ea1p ghi c\u1ee7a Thi V\u0169<\/span><\/strong> v\u1ec1 cu\u1ed9c s\u1ed1ng Vi\u1ec7t c\u1ee7a nh\u1eefng con ng\u01b0\u1eddi ly l\u00eca x\u1ee9 s\u1edf nh\u01b0ng kh\u00f4ng xa c\u00e1ch v\u1edbi qu\u00ea h\u01b0\u01a1ng. L\u1ecbch s\u1eed, v\u0103n ch\u01b0\u01a1ng, ngh\u1ec7 thu\u1eadt, thi ca t\u00e1i t\u1ea1o trong c\u00e1i nh\u00ecn r\u1ea1ng s\u00e1ng sau \u0111\u00eam d\u00e0i s\u00e1u m\u01b0\u01a1i n\u0103m kh\u1ed1c li\u1ec7t n\u01a1i \u0111\u00e1y t\u1ea7ng \u0111\u1ecba ng\u1ee5c.<\/p>\n<p>&nbsp;<\/p>\n<p>Nh\u00e0 v\u0103n <strong>Xu\u00e2n V\u0169<\/strong> nh\u1eadn \u0111\u1ecbnh : <em>\u201c\u0110\u1ecdc Thi V\u0169 m\u00e0 xem. Ch\u1eef c\u1ee7a anh r\u1ea5t s\u00e1ng t\u1ea1o. Trong m\u1ed9t b\u00e0i vi\u00e9t c\u00f3 \u00edt nh\u1ea5t 5, 7 ch\u1eef kh\u00f4ng th\u1ea5y ai c\u00f3, ch\u1ec9 ri\u00eang anh. T\u00f4i \u0111\u00e3 \u0111\u1ecbnh vi\u1ebft m\u1ed9t b\u00e0i : <strong>\u201cB\u1ed1n nh\u00e0 ng\u00f4n ng\u1eef h\u1ecdc Vi\u1ec7t Nam : Xu\u00e2n Di\u1ec7u, Nguy\u1ec5n Tu\u00e2n, Ph\u1ea1m Duy, Thi V\u0169 V\u00f5 V\u0103n \u00c1i\u201d<\/strong>, nh\u01b0ng c\u1ee9 lu bu m\u00e3i r\u1ed3i ch\u01b0a vi\u1ebft \u0111\u01b0\u1ee3c. Thi V\u0169 vi\u1ebft nh\u1eb9 l\u1eafm. Tay nh\u01b0 ch\u1ec9 l\u01b0\u1edbt s\u01a1, nh\u01b0ng \u0111\u1ecdc th\u1ea5y n\u1eb7ng nh\u01b0 n\u00fai. C\u00e1i c\u1ea3m gi\u00e1c n\u00e0y t\u00f4i c\u00f3 khi \u0111\u1ecdc \u201cG\u1ecdi Th\u1ea7m Gi\u1eefa Paris\u201d<\/em>.<\/p>\n<p>&nbsp;<\/p>\n<p><span style=\"color: #c00000;\">S\u00e1ch \u0111\u00f3ng ch\u1ec9 v\u00e0 \u1ea5n lo\u00e1t tuy\u1ec7t \u0111\u1eb9p, b\u00eca c\u1ee9ng m\u1ea1 v\u00e0ng, <strong>749 trang<\/strong>.<\/span><\/p>\n<p>&nbsp;<\/p>\n<p><span style=\"color: #c00000;\">B\u01b0u ph\u00ed g\u1eedi s\u00e1ch :<\/span> 5 US$ <em>(Ch\u00e2u M\u1ef9)<\/em> ; 5 Euros <em>(Ch\u00e2u \u00c2u)<\/em> ; 5 US$ <em>(\u00dac \u0110\u1ea1i L\u1ee3i v\u00e0 c\u00e1c ch\u00e2u kh\u00e1c)<\/em><\/p>\n","protected":false},"featured_media":41295,"comment_status":"open","ping_status":"closed","template":"","meta":{"_bbp_topic_count":0,"_bbp_reply_count":0,"_bbp_total_topic_count":0,"_bbp_total_reply_count":0,"_bbp_voice_count":0,"_bbp_anonymous_reply_count":0,"_bbp_topic_count_hidden":0,"_bbp_reply_count_hidden":0,"_bbp_forum_subforum_count":0},"product_brand":[],"product_cat":[827],"product_tag":[822],"class_list":{"0":"post-41362","1":"product","2":"type-product","3":"status-publish","4":"has-post-thumbnail","5":"","6":"product_cat-sach","7":"product_tag-thi-vu","8":"product_shipping_class-rate-1","10":"first","11":"instock","12":"shipping-taxable","13":"purchasable","14":"product-type-simple"},"_links":{"self":[{"href":"https:\/\/queme.org\/vi\/wp-json\/wp\/v2\/product\/41362","targetHints":{"allow":["GET"]}}],"collection":[{"href":"https:\/\/queme.org\/vi\/wp-json\/wp\/v2\/product"}],"about":[{"href":"https:\/\/queme.org\/vi\/wp-json\/wp\/v2\/types\/product"}],"replies":[{"embeddable":true,"href":"https:\/\/queme.org\/vi\/wp-json\/wp\/v2\/comments?post=41362"}],"wp:featuredmedia":[{"embeddable":true,"href":"https:\/\/queme.org\/vi\/wp-json\/wp\/v2\/media\/41295"}],"wp:attachment":[{"href":"https:\/\/queme.org\/vi\/wp-json\/wp\/v2\/media?parent=41362"}],"wp:term":[{"taxonomy":"product_brand","embeddable":true,"href":"https:\/\/queme.org\/vi\/wp-json\/wp\/v2\/product_brand?post=41362"},{"taxonomy":"product_cat","embeddable":true,"href":"https:\/\/queme.org\/vi\/wp-json\/wp\/v2\/product_cat?post=41362"},{"taxonomy":"product_tag","embeddable":true,"href":"https:\/\/queme.org\/vi\/wp-json\/wp\/v2\/product_tag?post=41362"}],"curies":[{"name":"wp","href":"https:\/\/api.w.org\/{rel}","templated":true}]}}