{"id":41363,"date":"2017-01-17T16:39:38","date_gmt":"2017-01-17T16:39:38","guid":{"rendered":"https:\/\/queme.org\/?post_type=product&#038;p=41363"},"modified":"2019-06-24T07:58:15","modified_gmt":"2019-06-24T07:58:15","slug":"nguyen-trai-sinh-thuc-va-hanh-dong-vo-van-ai","status":"publish","type":"product","link":"https:\/\/queme.org\/vi\/san-pham\/nguyen-trai-sinh-thuc-va-hanh-dong-vo-van-ai\/","title":{"rendered":"Nguy\u1ec5n Tr\u00e3i Sinh Th\u1ee9c v\u00e0 H\u00e0nh \u0110\u1ed9ng<br> <em>V\u00f5 V\u0103n \u00c1i<\/em>"},"content":{"rendered":"","protected":false},"excerpt":{"rendered":"<p><strong><span style=\"color: #c00000;\">NGUY\u1ec4N TR\u00c3I SINH TH\u1ee8C V\u00c0 H\u00c0NH \u0110\u1ed8NG, ti\u1ec3u lu\u1eadn c\u1ee7a V\u00f5 V\u0103n \u00c1i<\/span><\/strong>, t\u00e1i b\u1ea3n l\u1ea7n 4, l\u00e0 ch\u00e2n dung Con Ng\u01b0\u1eddi b\u1ea5t khu\u1ea5t, V\u00f4 u\u00fd tr\u01b0\u1edbc m\u1ecdi lo\u1ea1n t\u01b0\u1edfng c\u1ee7a th\u1eddi \u0110\u1ea1i<\/p>\n<p>&nbsp;<\/p>\n<p>\u2014 Thi s\u0129 <strong>Qu\u00e1ch T\u1ea5n<\/strong> nh\u1eadn \u0111\u1ecbnh : <em>\u201cH\u00e0 N\u1ed9i v\u1eeba xu\u1ea5t b\u1ea3n Nguy\u1ec5n Tr\u00e3i to\u00e0n t\u1eadp kh\u00e1 \u0111\u1ea7y \u0111\u1ee7. Song so v\u1edbi v\u1edbi t\u1eadp c\u1ee7a V\u00f5 V\u0103n \u00c1i th\u00ec t\u1eadp c\u1ee7a V\u00f5 V\u0103n \u00c1i nh\u1eadn x\u00e9t s\u00e2u s\u1eafc h\u01a1n v\u00e0 c\u00f3 nhi\u1ec1u kh\u00e1m ph\u00e1 m\u1edbi m\u1ebb h\u01a1n\u201d<\/em><\/p>\n<p>&nbsp;<\/p>\n<p>\u2014 <strong>B\u00f9i Gi\u00e1ng<\/strong> nh\u1eadn x\u00e9t : <em>\u201cTr\u01b0\u1edbc kia t\u00f4i c\u00f3 \u0111\u1ecdc th\u1eadt k\u1ef9 b\u00e0i anh vi\u1ebft v\u1ec1 T\u1ea3n \u0110\u00e0 tr\u00ean t\u1ea1p ch\u00ed V\u0103n.T\u1ea5t nhi\u00ean t\u00f4i ph\u1ea3i l\u01b0u \u00fd t\u1edbi nh\u1eefng \u0111i\u1ec1u ri\u00eang bi\u1ec7t n\u00e0o \u0111\u00f3 anh vi\u1ebft ra trong b\u00e0i vi\u1ebft \u1ea5y. V\u1eady th\u00ec qu\u1ea3 nhi\u00ean ng\u00e0y nay anh b\u01b0\u1edbc th\u1eb3ng t\u1edbi n\u01a1i ch\u1ed1n ri\u00eang bi\u1ec7t \u0111\u00f3 trong l\u1ecbch s\u1eed n\u01b0\u1edbc m\u00ecnh\u201d<\/em>.<\/p>\n<p>&nbsp;<\/p>\n<p><span style=\"color: #c00000;\">S\u00e1ch \u0111\u00f3ng ch\u1ec9 v\u00e0 \u1ea5n lo\u00e1t tuy\u1ec7t \u0111\u1eb9p, b\u00eca c\u1ee9ng m\u1ea1 v\u00e0ng, <strong>286 trang<\/strong>.<\/span><\/p>\n<p>&nbsp;<\/p>\n<p><span style=\"color: #c00000;\">B\u01b0u ph\u00ed g\u1eedi s\u00e1ch :<\/span> 5 US$ <em>(Ch\u00e2u M\u1ef9)<\/em> ; 5 Euros <em>(Ch\u00e2u \u00c2u)<\/em> ; 5 US$ <em>(\u00dac \u0110\u1ea1i L\u1ee3i v\u00e0 c\u00e1c ch\u00e2u kh\u00e1c)<\/em><\/p>\n","protected":false},"featured_media":41308,"comment_status":"open","ping_status":"closed","template":"","meta":{"_bbp_topic_count":0,"_bbp_reply_count":0,"_bbp_total_topic_count":0,"_bbp_total_reply_count":0,"_bbp_voice_count":0,"_bbp_anonymous_reply_count":0,"_bbp_topic_count_hidden":0,"_bbp_reply_count_hidden":0,"_bbp_forum_subforum_count":0},"product_brand":[],"product_cat":[827],"product_tag":[834,823],"class_list":{"0":"post-41363","1":"product","2":"type-product","3":"status-publish","4":"has-post-thumbnail","5":"","6":"product_cat-sach","7":"product_tag-nguyen-trai","8":"product_tag-vo-van-ai","9":"product_shipping_class-rate-1","11":"first","12":"instock","13":"shipping-taxable","14":"purchasable","15":"product-type-simple"},"_links":{"self":[{"href":"https:\/\/queme.org\/vi\/wp-json\/wp\/v2\/product\/41363","targetHints":{"allow":["GET"]}}],"collection":[{"href":"https:\/\/queme.org\/vi\/wp-json\/wp\/v2\/product"}],"about":[{"href":"https:\/\/queme.org\/vi\/wp-json\/wp\/v2\/types\/product"}],"replies":[{"embeddable":true,"href":"https:\/\/queme.org\/vi\/wp-json\/wp\/v2\/comments?post=41363"}],"wp:featuredmedia":[{"embeddable":true,"href":"https:\/\/queme.org\/vi\/wp-json\/wp\/v2\/media\/41308"}],"wp:attachment":[{"href":"https:\/\/queme.org\/vi\/wp-json\/wp\/v2\/media?parent=41363"}],"wp:term":[{"taxonomy":"product_brand","embeddable":true,"href":"https:\/\/queme.org\/vi\/wp-json\/wp\/v2\/product_brand?post=41363"},{"taxonomy":"product_cat","embeddable":true,"href":"https:\/\/queme.org\/vi\/wp-json\/wp\/v2\/product_cat?post=41363"},{"taxonomy":"product_tag","embeddable":true,"href":"https:\/\/queme.org\/vi\/wp-json\/wp\/v2\/product_tag?post=41363"}],"curies":[{"name":"wp","href":"https:\/\/api.w.org\/{rel}","templated":true}]}}