{"id":41364,"date":"2017-01-17T14:09:52","date_gmt":"2017-01-17T14:09:52","guid":{"rendered":"https:\/\/queme.org\/?post_type=product&#038;p=41364"},"modified":"2019-06-24T08:02:47","modified_gmt":"2019-06-24T08:02:47","slug":"hoa-nang-thi-vu","status":"publish","type":"product","link":"https:\/\/queme.org\/vi\/san-pham\/hoa-nang-thi-vu\/","title":{"rendered":"Hoa N\u1eafng<br> <em>Thi V\u0169<\/em>"},"content":{"rendered":"","protected":false},"excerpt":{"rendered":"<p>&lt;strong&gt;&lt;span style=&#8221;color: #c00000;&#8221;&gt;HOA N\u1eaeNG, TH\u01a0 THI V\u0168&lt;\/span&gt;&lt;\/strong&gt;, 50 b\u00e0i th\u01a1, t\u00e1i b\u1ea3n l\u1ea7n 3, Thi s\u0129 Qu\u00e1ch T\u1ea5n \u0111\u1ec1 t\u1ef1a : &lt;em&gt;\u201c\u0110\u00e2y l\u00e0 m\u1ed9t t\u1eadp t\u1ea3n v\u0103n thi (Po\u00e8me en prose), gi\u00e0u h\u00ecnh \u1ea3nh, gi\u00e0u \u00e2m nh\u1ea1c, ch\u1ee9a \u0111\u1ef1ng bao k\u1ef7 ni\u1ec7m suy t\u01b0 c\u1ee7a con ng\u01b0\u1eddi \u0111\u00e3 t\u1eebng thi\u1ec1n \u0111\u1ecbnh v\u1ec1 c\u00e1c kinh nghi\u1ec7m s\u1ed1ng, t\u1eebng \u0111\u1ed1i tho\u1ea1i v\u1edbi t\u00e2m h\u1ed3n\u201d.&lt;\/em&gt;<\/p>\n<p>&amp;nbsp;<\/p>\n<p>&lt;span style=&#8221;color: #c00000;&#8221;&gt;S\u00e1ch \u0111\u00f3ng ch\u1ec9 v\u00e0 \u1ea5n lo\u00e1t tuy\u1ec7t \u0111\u1eb9p, b\u00eca c\u1ee9ng m\u1ea1 v\u00e0ng.&lt;\/span&gt;<\/p>\n<p>&amp;nbsp;<\/p>\n<p>&lt;span style=&#8221;color: #c00000;&#8221;&gt;B\u01b0u ph\u00ed g\u1eedi s\u00e1ch :&lt;\/span&gt; 5 US$ &lt;em&gt;(Ch\u00e2u M\u1ef9)&lt;\/em&gt; ; 5 Euros &lt;em&gt;(Ch\u00e2u \u00c2u)&lt;\/em&gt; ; 5 US$ &lt;em&gt;(\u00dac \u0110\u1ea1i L\u1ee3i v\u00e0 c\u00e1c ch\u00e2u kh\u00e1c)&lt;\/em&gt;<\/p>\n","protected":false},"featured_media":41311,"comment_status":"open","ping_status":"closed","template":"","meta":{"_bbp_topic_count":0,"_bbp_reply_count":0,"_bbp_total_topic_count":0,"_bbp_total_reply_count":0,"_bbp_voice_count":0,"_bbp_anonymous_reply_count":0,"_bbp_topic_count_hidden":0,"_bbp_reply_count_hidden":0,"_bbp_forum_subforum_count":0},"product_brand":[],"product_cat":[827],"product_tag":[822],"class_list":{"0":"post-41364","1":"product","2":"type-product","3":"status-publish","4":"has-post-thumbnail","5":"","6":"product_cat-sach","7":"product_tag-thi-vu","8":"product_shipping_class-rate-1","10":"first","11":"instock","12":"shipping-taxable","13":"purchasable","14":"product-type-simple"},"_links":{"self":[{"href":"https:\/\/queme.org\/vi\/wp-json\/wp\/v2\/product\/41364","targetHints":{"allow":["GET"]}}],"collection":[{"href":"https:\/\/queme.org\/vi\/wp-json\/wp\/v2\/product"}],"about":[{"href":"https:\/\/queme.org\/vi\/wp-json\/wp\/v2\/types\/product"}],"replies":[{"embeddable":true,"href":"https:\/\/queme.org\/vi\/wp-json\/wp\/v2\/comments?post=41364"}],"wp:featuredmedia":[{"embeddable":true,"href":"https:\/\/queme.org\/vi\/wp-json\/wp\/v2\/media\/41311"}],"wp:attachment":[{"href":"https:\/\/queme.org\/vi\/wp-json\/wp\/v2\/media?parent=41364"}],"wp:term":[{"taxonomy":"product_brand","embeddable":true,"href":"https:\/\/queme.org\/vi\/wp-json\/wp\/v2\/product_brand?post=41364"},{"taxonomy":"product_cat","embeddable":true,"href":"https:\/\/queme.org\/vi\/wp-json\/wp\/v2\/product_cat?post=41364"},{"taxonomy":"product_tag","embeddable":true,"href":"https:\/\/queme.org\/vi\/wp-json\/wp\/v2\/product_tag?post=41364"}],"curies":[{"name":"wp","href":"https:\/\/api.w.org\/{rel}","templated":true}]}}