{"id":41365,"date":"2017-01-17T09:02:53","date_gmt":"2017-01-17T09:02:53","guid":{"rendered":"https:\/\/queme.org\/?post_type=product&#038;p=41365"},"modified":"2019-06-24T08:02:37","modified_gmt":"2019-06-24T08:02:37","slug":"phat-giao-ban-chat-va-su-phat-trien-edward-conze-thich-quang-do-dich","status":"publish","type":"product","link":"https:\/\/queme.org\/vi\/san-pham\/phat-giao-ban-chat-va-su-phat-trien-edward-conze-thich-quang-do-dich\/","title":{"rendered":"Ph\u1eadt Gi\u00e1o, B\u1ea3n ch\u1ea5t v\u00e0 s\u1ef1 ph\u00e1t tri\u1ec3n, Edward Conze<br> <em>Th\u00edch Qu\u1ea3ng \u0110\u1ed9 d\u1ecbch<\/em>"},"content":{"rendered":"","protected":false},"excerpt":{"rendered":"<p><strong><span style=\"color: #c00000;\">PH\u1eacT GI\u00c1O, B\u1ea2N CH\u1ea4T V\u00c0 S\u1ef0 PH\u00c1T TRI\u1ec2N c\u1ee7a Edward Conze, do Ho\u00e0 th\u01b0\u1ee3ng Th\u00edch Qu\u1ea3ng \u0110\u1ed9 d\u1ecbch<\/span><\/strong> &#8211; Edward Conze, Gi\u00e1o s\u01b0 \u0110\u1ea1i h\u1ecdc Oxford v\u00e0 Lu\u00e2n \u0110\u00f4n, h\u1ecdc gi\u1ea3 t\u0103m ti\u1ebfng th\u1ebf gi\u1edbi v\u1ec1 Ph\u1eadt h\u1ecdc, \u0111\u1eb7c bi\u1ec7t c\u00e1c b\u1ea3n d\u1ecbch, nghi\u00ean c\u1ee9u v\u1ec1 B\u00e1t Nh\u00e3 v\u00e0 Trung qu\u00e1n lu\u1eadn. Cu\u1ed1n s\u00e1ch <strong>\u201cPh\u1eadt gi\u00e1o, B\u1ea3n ch\u1ea5t v\u00e0 s\u1ef1 Ph\u00e1t tri\u1ec3n\u201d<\/strong>, m\u00e0 b\u1eadc cao t\u0103ng ch\u1ee9ng \u0111\u1eafc Ph\u1eadt gi\u00e1o HT. Qu\u1ea3ng \u0110\u1ed9 d\u1ecbch v\u1edbi d\u00f2ng v\u0103n trong s\u00e1ng thu\u1ea7n Vi\u1ec7t, ra \u0111\u1eddi n\u0103m 1951 \u0111\u00e3 g\u00e2y ti\u1ebfng vang v\u00e0 s\u1ef1 t\u00e1n th\u00e1n c\u1ee7a h\u1ea7u h\u1ebft c\u00e1c h\u1ecdc gi\u1ea3 Ph\u1eadt gi\u00e1o qu\u1ed1c t\u1ebf nh\u01b0 Arthur Waley, Louis Renou. Etienne Lamotte, G. Tucci, Demi\u00e9ville, Christmas Humpheys, v.v\u2026<\/p>\n<p>&nbsp;<\/p>\n<p>\u0110\u1ecdc xong <strong>\u201cPh\u1eadt gi\u00e1o, B\u1ea3n ch\u1ea5t v\u00e0 s\u1ef1 Ph\u00e1t tri\u1ec3n\u201d<\/strong> c\u1ee7a Edward Conze ng\u01b0\u1eddi \u0111\u1ecdc s\u1ebd c\u00f3 c\u00e1i nh\u00ecn th\u1ed1ng qu\u00e1n v\u1ec1 l\u1ecbch s\u1eed, y\u1ebfu ngh\u0129a c\u00e1c t\u00f4ng ph\u00e1i, v\u00e0 s\u1ef1 ph\u00e1t tri\u1ec3n c\u1ee7a \u0111\u1ea1o Ph\u1eadt g\u1ea7n ba ngh\u00ecn n\u0103m qua. \u0110\u1ed3ng th\u1eddi s\u1ebd nh\u1eadn ra, n\u1ed7 l\u1ef1c chung c\u1ee7a c\u00e1c d\u00e2n t\u1ed9c Ch\u00e2u \u00c2u trong c\u00e1c th\u1ebf k\u1ef7 qua kh\u00f4ng \u0111i theo h\u01b0\u1edbng t\u00e2m linh, ch\u1ec9 c\u00f3 Ch\u00e2u \u00c1 \u0111\u00e3 s\u00e1ng t\u1ea1o ra c\u00e1c \u00fd t\u01b0\u1edfng v\u00e0 ph\u01b0\u01a1ng ph\u00e1p t\u00e2m linh. R\u1ed3i ng\u01b0\u1eddi Ch\u00e2u \u00c2u \u0111\u00e3 vay m\u01b0\u1ee3n c\u00e1c th\u1ee9 n\u00e0y t\u1eeb Ch\u00e2u \u00c1\u2026<\/p>\n<p>&nbsp;<\/p>\n<p><span style=\"color: #c00000;\">S\u00e1ch \u0111\u00f3ng ch\u1ec9 v\u00e0 \u1ea5n lo\u00e1t tuy\u1ec7t \u0111\u1eb9p, b\u00eca c\u1ee9ng m\u1ea1 v\u00e0ng, <strong>235 trang<\/strong>.<\/span><\/p>\n<p>&nbsp;<\/p>\n<p><span style=\"color: #c00000;\">B\u01b0u ph\u00ed g\u1eedi s\u00e1ch :<\/span> 5 US$ <em>(Ch\u00e2u M\u1ef9)<\/em> ; 5 Euros <em>(Ch\u00e2u \u00c2u)<\/em> ; 5 US$ <em>(\u00dac \u0110\u1ea1i L\u1ee3i v\u00e0 c\u00e1c ch\u00e2u kh\u00e1c)<\/em><\/p>\n<p>&nbsp;<\/p>\n","protected":false},"featured_media":41314,"comment_status":"open","ping_status":"closed","template":"","meta":{"_bbp_topic_count":0,"_bbp_reply_count":0,"_bbp_total_topic_count":0,"_bbp_total_reply_count":0,"_bbp_voice_count":0,"_bbp_anonymous_reply_count":0,"_bbp_topic_count_hidden":0,"_bbp_reply_count_hidden":0,"_bbp_forum_subforum_count":0},"product_brand":[],"product_cat":[827],"product_tag":[830,829,835,828],"class_list":{"0":"post-41365","1":"product","2":"type-product","3":"status-publish","4":"has-post-thumbnail","5":"","6":"product_cat-sach","7":"product_tag-buddhism","8":"product_tag-edward-conze","9":"product_tag-phat-giao","10":"product_tag-thich-quang-do","11":"product_shipping_class-rate-1","13":"first","14":"instock","15":"shipping-taxable","16":"purchasable","17":"product-type-simple"},"_links":{"self":[{"href":"https:\/\/queme.org\/vi\/wp-json\/wp\/v2\/product\/41365","targetHints":{"allow":["GET"]}}],"collection":[{"href":"https:\/\/queme.org\/vi\/wp-json\/wp\/v2\/product"}],"about":[{"href":"https:\/\/queme.org\/vi\/wp-json\/wp\/v2\/types\/product"}],"replies":[{"embeddable":true,"href":"https:\/\/queme.org\/vi\/wp-json\/wp\/v2\/comments?post=41365"}],"wp:featuredmedia":[{"embeddable":true,"href":"https:\/\/queme.org\/vi\/wp-json\/wp\/v2\/media\/41314"}],"wp:attachment":[{"href":"https:\/\/queme.org\/vi\/wp-json\/wp\/v2\/media?parent=41365"}],"wp:term":[{"taxonomy":"product_brand","embeddable":true,"href":"https:\/\/queme.org\/vi\/wp-json\/wp\/v2\/product_brand?post=41365"},{"taxonomy":"product_cat","embeddable":true,"href":"https:\/\/queme.org\/vi\/wp-json\/wp\/v2\/product_cat?post=41365"},{"taxonomy":"product_tag","embeddable":true,"href":"https:\/\/queme.org\/vi\/wp-json\/wp\/v2\/product_tag?post=41365"}],"curies":[{"name":"wp","href":"https:\/\/api.w.org\/{rel}","templated":true}]}}