{"id":41366,"date":"2017-01-17T08:53:33","date_gmt":"2017-01-17T08:53:33","guid":{"rendered":"https:\/\/queme.org\/?post_type=product&#038;p=41366"},"modified":"2019-06-24T08:02:28","modified_gmt":"2019-06-24T08:02:28","slug":"que-nha-y-lan","status":"publish","type":"product","link":"https:\/\/queme.org\/vi\/san-pham\/que-nha-y-lan\/","title":{"rendered":"Qu\u00ea Nh\u00e0<br> <em>\u1ef6 Lan<\/em>"},"content":{"rendered":"","protected":false},"excerpt":{"rendered":"<p><span style=\"color: #c00000;\">QU\u00ca NH\u00c0 c\u1ee7a \u1ef6 Lan<\/span> in l\u1ea7n th\u1ee9 9. Xin m\u1eddi \u0111\u1ecdc \u00e1ng v\u0103n hi\u1ebfm th\u1ea5y \u0111\u1ec3 th\u01b0\u1edfng th\u1ee9c d\u00f2ng v\u0103n Vi\u1ec7t linh \u0111\u1ed9ng v\u00e0 d\u00ed d\u1ecfm c\u1ee7a m\u1ed9t Nh\u00e0 v\u0103n n\u1eef ng\u01b0\u1eddi n\u01b0\u1edbc Anh. G\u1ed3m 25 chuy\u1ec7n ng\u1eafn \u0111\u00e3 \u0111\u01b0\u1ee3c \u1ef6 Lan \u0111\u1ecdc tr\u00ean \u0110\u00e0i BBC ph\u00e1t thanh v\u1ec1 Vi\u1ec7t Nam th\u1eadp ni\u00ean 80, g\u00e2y h\u01b0ng ph\u1ea5n v\u00e0 ni\u1ec1m tin cho \u0111\u1ed3ng \u0111\u1ea3o ng\u01b0\u1eddi Vi\u1ec7t trong n\u01b0\u1edbc, \u0111\u1eb7c bi\u1ec7t gi\u1edbi t\u00f9 nh\u00e2n c\u1ea3i t\u1ea1o. Nhi\u1ec1u th\u00ednh gi\u1ea3, nh\u00e0 v\u0103n nh\u01b0 Qu\u00e1ch T\u1ea5n, B\u00e0ng B\u00e1 L\u00e2n, M\u1ed9ng Tuy\u1ebft Th\u1ea5t Ti\u1ec3u mu\u1ed9i\u2026 vi\u1ebft th\u01b0 t\u00e1n th\u01b0\u1edfng.<\/p>\n<p>&nbsp;<\/p>\n<p><span style=\"color: #c00000;\">S\u00e1ch d\u00e0y 182 trang.<\/span><\/p>\n<p>&nbsp;<\/p>\n<p><span style=\"color: #c00000;\">B\u01b0u ph\u00ed g\u1eedi s\u00e1ch :<\/span> 5 US$ <em>(Ch\u00e2u M\u1ef9)<\/em> ; 5 Euros <em>(Ch\u00e2u \u00c2u)<\/em> ; 5 US$ <em>(\u00dac \u0110\u1ea1i L\u1ee3i v\u00e0 c\u00e1c ch\u00e2u kh\u00e1c)<\/em><\/p>\n<p>&nbsp;<\/p>\n","protected":false},"featured_media":41317,"comment_status":"open","ping_status":"closed","template":"","meta":{"_bbp_topic_count":0,"_bbp_reply_count":0,"_bbp_total_topic_count":0,"_bbp_total_reply_count":0,"_bbp_voice_count":0,"_bbp_anonymous_reply_count":0,"_bbp_topic_count_hidden":0,"_bbp_reply_count_hidden":0,"_bbp_forum_subforum_count":0},"product_brand":[],"product_cat":[827],"product_tag":[243],"class_list":{"0":"post-41366","1":"product","2":"type-product","3":"status-publish","4":"has-post-thumbnail","5":"","6":"product_cat-sach","7":"product_tag-y-lan","8":"product_shipping_class-rate-1","10":"first","11":"instock","12":"shipping-taxable","13":"purchasable","14":"product-type-simple"},"_links":{"self":[{"href":"https:\/\/queme.org\/vi\/wp-json\/wp\/v2\/product\/41366","targetHints":{"allow":["GET"]}}],"collection":[{"href":"https:\/\/queme.org\/vi\/wp-json\/wp\/v2\/product"}],"about":[{"href":"https:\/\/queme.org\/vi\/wp-json\/wp\/v2\/types\/product"}],"replies":[{"embeddable":true,"href":"https:\/\/queme.org\/vi\/wp-json\/wp\/v2\/comments?post=41366"}],"wp:featuredmedia":[{"embeddable":true,"href":"https:\/\/queme.org\/vi\/wp-json\/wp\/v2\/media\/41317"}],"wp:attachment":[{"href":"https:\/\/queme.org\/vi\/wp-json\/wp\/v2\/media?parent=41366"}],"wp:term":[{"taxonomy":"product_brand","embeddable":true,"href":"https:\/\/queme.org\/vi\/wp-json\/wp\/v2\/product_brand?post=41366"},{"taxonomy":"product_cat","embeddable":true,"href":"https:\/\/queme.org\/vi\/wp-json\/wp\/v2\/product_cat?post=41366"},{"taxonomy":"product_tag","embeddable":true,"href":"https:\/\/queme.org\/vi\/wp-json\/wp\/v2\/product_tag?post=41366"}],"curies":[{"name":"wp","href":"https:\/\/api.w.org\/{rel}","templated":true}]}}