{"id":41367,"date":"2016-11-25T14:41:37","date_gmt":"2016-11-25T14:41:37","guid":{"rendered":"https:\/\/queme.org\/?post_type=product&#038;p=41367"},"modified":"2019-06-24T08:00:12","modified_gmt":"2019-06-24T08:00:12","slug":"un-excommunie-nguyen-manh-tuong","status":"publish","type":"product","link":"https:\/\/queme.org\/vi\/san-pham\/un-excommunie-nguyen-manh-tuong\/","title":{"rendered":"Un Excommuni\u00e9<br> <em>Nguy\u1ec5n M\u1ea1nh T\u01b0\u1eddng<\/em>"},"content":{"rendered":"","protected":false},"excerpt":{"rendered":"<p><span style=\"color: #c00000;\">UN EXCOMMUNI\u00c9, HANOI 1954 \u2013 1991 : PROC\u00c8S DUN INTELLECTUEL c\u1ee7a Nh\u00e0 v\u0103n, Lu\u1eadt gia Nuy\u1ec5n M\u1ea1nh T\u01b0\u1eddng<\/span> \u201cK\u1ebb B\u1ecb Khai tr\u1eeb\u201d, H\u1ed3i k\u00fd b\u1eb1ng Ph\u00e1p v\u0103n v\u1ec1 kh\u1ed5 n\u1ea1n c\u1ee7a m\u1ed9t nh\u00e0 \u0111\u1ea1i tr\u00ed th\u1ee9c b\u1ecb h\u00e0nh h\u1ea1 d\u01b0\u1edbi nanh vu\u1ed1t c\u1ee7a ch\u1ebf \u0111\u1ed9 C\u1ed9ng s\u1ea3n. Nh\u1eefng di\u1ec5n bi\u1ebfn t\u1eeb C\u1ea3i C\u00e1ch Ru\u1ed9ng \u0110\u1ea5t, Nh\u00e2n v\u0103n Giai Ph\u1ea9m\u2026 \u0111\u1ebfn \u0111\u1eddi s\u1ed1ng cung \u0111\u00ecnh c\u1ee7a c\u00e1n b\u1ed9 c\u1ea5p cao \u1edf H\u00e0 N\u1ed9i.<\/p>\n<p>&nbsp;<\/p>\n<p><span style=\"color: #c00000;\">S\u00e1ch d\u00e0y 346 trang.<\/span><\/p>\n<p>&nbsp;<\/p>\n<p><span class=\"text\"><span style=\"color: #c00000;\">B\u01b0u ph\u00ed g\u1eedi s\u00e1ch : <\/span><\/span>5 US$ <em>(Ch\u00e2u M\u1ef9)<\/em> ; 5 Euros <em>(Ch\u00e2u \u00c2u)<\/em> ; 5 US$ <em>(\u00dac \u0110\u1ea1i L\u1ee3i v\u00e0 c\u00e1c ch\u00e2u kh\u00e1c)<\/em><\/p>\n<p>&nbsp;<\/p>\n","protected":false},"featured_media":41320,"comment_status":"open","ping_status":"closed","template":"","meta":{"_bbp_topic_count":0,"_bbp_reply_count":0,"_bbp_total_topic_count":0,"_bbp_total_reply_count":0,"_bbp_voice_count":0,"_bbp_anonymous_reply_count":0,"_bbp_topic_count_hidden":0,"_bbp_reply_count_hidden":0,"_bbp_forum_subforum_count":0},"product_brand":[],"product_cat":[827],"product_tag":[831],"class_list":{"0":"post-41367","1":"product","2":"type-product","3":"status-publish","4":"has-post-thumbnail","5":"","6":"product_cat-sach","7":"product_tag-nguyen-manh-tuong","8":"product_shipping_class-rate-1","10":"first","11":"instock","12":"shipping-taxable","13":"purchasable","14":"product-type-simple"},"_links":{"self":[{"href":"https:\/\/queme.org\/vi\/wp-json\/wp\/v2\/product\/41367","targetHints":{"allow":["GET"]}}],"collection":[{"href":"https:\/\/queme.org\/vi\/wp-json\/wp\/v2\/product"}],"about":[{"href":"https:\/\/queme.org\/vi\/wp-json\/wp\/v2\/types\/product"}],"replies":[{"embeddable":true,"href":"https:\/\/queme.org\/vi\/wp-json\/wp\/v2\/comments?post=41367"}],"wp:featuredmedia":[{"embeddable":true,"href":"https:\/\/queme.org\/vi\/wp-json\/wp\/v2\/media\/41320"}],"wp:attachment":[{"href":"https:\/\/queme.org\/vi\/wp-json\/wp\/v2\/media?parent=41367"}],"wp:term":[{"taxonomy":"product_brand","embeddable":true,"href":"https:\/\/queme.org\/vi\/wp-json\/wp\/v2\/product_brand?post=41367"},{"taxonomy":"product_cat","embeddable":true,"href":"https:\/\/queme.org\/vi\/wp-json\/wp\/v2\/product_cat?post=41367"},{"taxonomy":"product_tag","embeddable":true,"href":"https:\/\/queme.org\/vi\/wp-json\/wp\/v2\/product_tag?post=41367"}],"curies":[{"name":"wp","href":"https:\/\/api.w.org\/{rel}","templated":true}]}}