{"id":41368,"date":"2016-11-02T15:10:17","date_gmt":"2016-11-02T15:10:17","guid":{"rendered":"https:\/\/queme.org\/?post_type=product&#038;p=41368"},"modified":"2020-03-31T13:43:04","modified_gmt":"2020-03-31T13:43:04","slug":"phat-quang-dai-tu-dien-thich-quang-do-dich","status":"publish","type":"product","link":"https:\/\/queme.org\/vi\/san-pham\/phat-quang-dai-tu-dien-thich-quang-do-dich\/","title":{"rendered":"Ph\u1eadt Quang \u0110\u1ea1i T\u1eeb \u0111i\u1ec3n <br><em>Th\u00edch Qu\u1ea3ng \u0110\u1ed9 d\u1ecbch<\/em>"},"content":{"rendered":"","protected":false},"excerpt":{"rendered":"<p style=\"text-align: center;\"><strong><span class=\"h1\"><span style=\"color: #31849b;\">Ph\u1eadt Quang \u0110\u1ea1i T\u1eeb \u0110i\u1ec3n, b\u1ea3n d\u1ecbch Vi\u1ec7t v\u0103n c\u1ee7a H\u00f2a th\u01b0\u1ee3ng Th\u00edch Qu\u1ea3ng \u0110\u1ed9 \u0111\u00e3 ho\u00e0n t\u1ea5t v\u00e0 ph\u00e1t h\u00e0nh tr\u00ean to\u00e0n th\u1ebf gi\u1edbi<\/span><\/span><\/strong><\/p>\n<p><img decoding=\"async\" class=\"aligncenter wp-image-34193 size-full\" src=\"http:\/\/queme.org\/\/app\/uploads\/2016\/11\/2013-0607a.png\" alt=\"2013-0607a\" width=\"591\" height=\"445\" srcset=\"https:\/\/queme.org\/app\/uploads\/2016\/11\/2013-0607a.png 591w, https:\/\/queme.org\/app\/uploads\/2016\/11\/2013-0607a-150x113.png 150w, https:\/\/queme.org\/app\/uploads\/2016\/11\/2013-0607a-300x226.png 300w\" sizes=\"(max-width: 591px) 100vw, 591px\" \/><\/p>\n<p><span class=\"text\">G\u1ed3m 6 t\u1eadp, 7374 trang, in tr\u00ean b\u00eca da m\u1ea1 v\u00e0ng, to\u00e0n b\u1ed9 \u0111\u00f3ng th\u00e0nh h\u1ed9p v\u00e0 \u1ea5n lo\u00e1t tuy\u1ec7t \u0111\u1eb9p. V\u1edbi b\u1ea3y tri\u1ec7u ch\u1eef gi\u1ea3i th\u00edch c\u00e1c t\u1eeb \u0111\u1ec1 m\u1ee5c, k\u00e8m theo ch\u1eef H\u00e1n v\u00e0 ch\u1eef Ph\u1ea1n t\u01b0\u01a1ng \u0111\u01b0\u01a1ng. Do Nh\u00e0 xu\u1ea5t b\u1ea3n Qu\u00ea M\u1eb9 &amp; Ph\u00f2ng Th\u00f4ng tin Ph\u1eadt gi\u00e1o Qu\u1ed1c t\u1ebf \u1edf Paris \u1ea5n h\u00e0nh.<\/span><\/p>\n<p>&nbsp;<\/p>\n<p>Ng\u01b0\u1eddi \u1edf xa n\u01b0\u1edbc, kh\u00f4ng \u0111\u01b0\u1ee3c g\u1ea7n g\u0169i ch\u01b0 T\u0103ng Ni, Thi\u1ec7n tri th\u1ee9c th\u00f4ng hi\u1ec3u gi\u00e1o l\u00fd, c\u00f3 b\u1ed9 <strong>Ph\u1eadt Quang \u0110\u1ea1i T\u1eeb \u0111i\u1ec3n<\/strong> trong tay s\u1ebd nh\u01b0 \u0111\u01b0\u1ee3c s\u1ed1ng b\u00ean v\u1ecb Th\u1ea7y cao c\u1ea3 v\u1ec1 gi\u00e1o l\u00fd \u0111\u1ea1o Ph\u1eadt.<\/p>\n<p>&nbsp;<\/p>\n<p><strong>PH\u1eacT QUANG \u0110\u1ea0I T\u1eea \u0110I\u1ec2N<\/strong> \u0111\u1ea7y \u0111\u1ee7 v\u00e0 c\u1eadp nh\u1eadt nh\u1ea5t hi\u1ec7n nay, do h\u01a1n 50 h\u1ecdc gi\u1ea3 Ph\u1eadt gi\u00e1o thu\u1ed9c Ph\u1eadt Quang \u0110\u1ea1i T\u1ea1ng Kinh Bi\u00ean Tu \u1ee6y vi\u00ean h\u1ed9i \u1edf \u0110\u00e0i Loan bi\u00ean so\u1ea1n trong m\u01b0\u1eddi n\u0103m r\u00f2ng.<\/p>\n<p>&nbsp;<\/p>\n<p>Ba b\u1ed9 T\u1eeb \u0111i\u1ec3n Ph\u1eadt h\u1ecdc hi\u1ec7n c\u00f3 \u1edf Vi\u1ec7t Nam ch\u1ec9 d\u00e0y t\u1eeb 818 trang cho \u0111\u1ebfn t\u1ed1i \u0111a 2127 trang, l\u1ea1i kh\u00f4ng \u0111\u1ea7y \u0111\u1ee7. <strong>Ch\u01b0a c\u00f3 b\u1ed9 n\u00e0o tinh th\u00f4ng, th\u00e2m vi\u1ec5n, phong ph\u00fa nh\u01b0 b\u00f4 PH\u1eacT QUANG \u0110\u1ea0I T\u1eea \u0110I\u1ec2N, g\u1ea7n 8000 trang c\u1ee7a H\u00f2a th\u01b0\u1ee3ng Th\u00edch Qu\u1ea3ng \u0110\u1ed9 phi\u00ean d\u1ecbch.<\/strong><\/p>\n<p><img decoding=\"async\" class=\"aligncenter wp-image-34196\" src=\"http:\/\/queme.org\/\/app\/uploads\/2016\/11\/2013-0607b-300x112.png\" alt=\"2013-0607b\" width=\"600\" height=\"225\" srcset=\"https:\/\/queme.org\/app\/uploads\/2016\/11\/2013-0607b-300x112.png 300w, https:\/\/queme.org\/app\/uploads\/2016\/11\/2013-0607b-150x56.png 150w, https:\/\/queme.org\/app\/uploads\/2016\/11\/2013-0607b.png 630w\" sizes=\"(max-width: 600px) 100vw, 600px\" \/><\/p>\n<p>&nbsp;<\/p>\n<p>&nbsp;<\/p>\n<p>&nbsp;<\/p>\n<p>&nbsp;<\/p>\n<p>S\u00e1ch \u0111\u00f3ng ch\u1ec9 v\u00e0 \u1ea5n lo\u00e1t tuy\u1ec7t \u0111\u1eb9p, b\u00eca c\u1ee9ng m\u1ea1 v\u00e0ng<strong>, <\/strong>v\u00e0 \u0111\u00f3ng h\u1ed9p chung 6 t\u1eadp. <u>T<\/u>\u1ea1<u>i Hoa K\u1ef3 &amp; Canada<\/u>, Gi\u00e1\u00a0: <strong>299$US<\/strong> + ph\u00ed g\u1eedi s\u00e1ch <strong>15 $US<\/strong> mi\u1ec1n T\u00e2y M\u1ef9 \u2014 <strong>26 $US<\/strong> cho c\u00e1c ti\u1ec1u bang Trung M\u1ef9 \u2014 <strong>31 $US<\/strong> mi\u1ec1n \u0110\u00f4ng B\u1eafc M\u1ef9 \u2014 <strong>30 $US<\/strong> mi\u1ec1n \u0110\u00f4ng Nam M\u1ef9 \u2014 <strong>45 $US<\/strong> Canada. <strong>\u2014 <\/strong><u>T\u1ea1i Ph\u00e1p v\u00e0 \u00c2u ch\u00e2u<\/u>, Gi\u00e1 <strong>249 Euros<\/strong>, + <strong>20 Euros<\/strong> b\u01b0u ph\u00ed g\u1eedi s\u00e1ch <strong>\u2014<\/strong> Chi phi\u1ebfu \u0111\u1ec1 t\u00ean Qu\u00ea M\u1eb9 g\u1eedi v\u1ec1 \u0111\u1ecba ch\u1ec9: Qu\u00ea M\u1eb9 &#8211; 48 rue Parmentier <strong>\u2014<\/strong> 94450 Limeil <strong>\u2013<\/strong> Br\u00e9vannes <strong>\u2013<\/strong> France<\/p>\n","protected":false},"featured_media":41370,"comment_status":"open","ping_status":"closed","template":"","meta":{"_bbp_topic_count":0,"_bbp_reply_count":0,"_bbp_total_topic_count":0,"_bbp_total_reply_count":0,"_bbp_voice_count":0,"_bbp_anonymous_reply_count":0,"_bbp_topic_count_hidden":0,"_bbp_reply_count_hidden":0,"_bbp_forum_subforum_count":0},"product_brand":[],"product_cat":[827],"product_tag":[830,835,828],"class_list":{"0":"post-41368","1":"product","2":"type-product","3":"status-publish","4":"has-post-thumbnail","5":"","6":"product_cat-sach","7":"product_tag-buddhism","8":"product_tag-phat-giao","9":"product_tag-thich-quang-do","10":"product_shipping_class-rate-6","12":"first","13":"instock","14":"shipping-taxable","15":"purchasable","16":"product-type-simple"},"_links":{"self":[{"href":"https:\/\/queme.org\/vi\/wp-json\/wp\/v2\/product\/41368","targetHints":{"allow":["GET"]}}],"collection":[{"href":"https:\/\/queme.org\/vi\/wp-json\/wp\/v2\/product"}],"about":[{"href":"https:\/\/queme.org\/vi\/wp-json\/wp\/v2\/types\/product"}],"replies":[{"embeddable":true,"href":"https:\/\/queme.org\/vi\/wp-json\/wp\/v2\/comments?post=41368"}],"wp:featuredmedia":[{"embeddable":true,"href":"https:\/\/queme.org\/vi\/wp-json\/wp\/v2\/media\/41370"}],"wp:attachment":[{"href":"https:\/\/queme.org\/vi\/wp-json\/wp\/v2\/media?parent=41368"}],"wp:term":[{"taxonomy":"product_brand","embeddable":true,"href":"https:\/\/queme.org\/vi\/wp-json\/wp\/v2\/product_brand?post=41368"},{"taxonomy":"product_cat","embeddable":true,"href":"https:\/\/queme.org\/vi\/wp-json\/wp\/v2\/product_cat?post=41368"},{"taxonomy":"product_tag","embeddable":true,"href":"https:\/\/queme.org\/vi\/wp-json\/wp\/v2\/product_tag?post=41368"}],"curies":[{"name":"wp","href":"https:\/\/api.w.org\/{rel}","templated":true}]}}