{"id":41373,"date":"2016-04-08T09:23:16","date_gmt":"2016-04-08T09:23:16","guid":{"rendered":"https:\/\/queme.org\/?post_type=product&#038;p=41373"},"modified":"2019-06-24T08:03:29","modified_gmt":"2019-06-24T08:03:29","slug":"nhan-dinh-ve-nhung-sai-lam-tai-hai-cua-dang-cong-san-viet-nam-doi-voi-dan-toc-va-phat-giao-cua-ht-thich-quang-do","status":"publish","type":"product","link":"https:\/\/queme.org\/vi\/san-pham\/nhan-dinh-ve-nhung-sai-lam-tai-hai-cua-dang-cong-san-viet-nam-doi-voi-dan-toc-va-phat-giao-cua-ht-thich-quang-do\/","title":{"rendered":"Nh\u1eadn \u0111\u1ecbnh v\u1ec1 nh\u1eefng sai l\u1ea7m tai h\u1ea1i c\u1ee7a \u0110\u1ea3ng C\u1ed9ng s\u1ea3n Vi\u1ec7t Nam \u0111\u1ed1i v\u1edbi D\u00e2n t\u1ed9c v\u00e0 Ph\u1eadt gi\u00e1o c\u1ee7a HT. Th\u00edch Qu\u1ea3ng \u00d0\u1ed9"},"content":{"rendered":"","protected":false},"excerpt":{"rendered":"<p><span style=\"color: #000080;\"><em>C\u1ea7n \u0111\u1ecdc cu\u1ed1n s\u00e1ch c\u1ee7a HT. Th\u00edch Qu\u1ea3ng \u0110\u1ed9 \u0111\u1ec3 hu\u1ec3u ch\u00ednh s\u00e1ch \u0111\u00e0n \u00e1p Ph\u1eadt gi\u00e1o t\u1eeb 1945 \u0111\u1ebfn nay ; \u0111\u1ec3 c\u00f2 \u0111\u1ee7 t\u01b0 li\u1ec7u l\u1ecbch s\u1eed v\u1ec1 cu\u1ed9c \u0111\u00e0n \u00e1p quy m\u00f4 \u1ea5y ; v\u00e0 \u0111\u1ec3 hi\u1ec3u r\u00f5 \u0111\u01b0\u1eddng l\u1ed1i d\u00e2n t\u1ed9c, h\u1ecdat \u0111\u1ed9ng T\u1eeb bi \u0111\u1ed9 th\u1ebf v\u00e0 Tr\u00ed tu\u1ec7 khai phong c\u1ee7a \u0111\u1ea1o Ph\u1eadt Vi\u1ec7t Nam.<\/em><\/span><\/p>\n<p>&nbsp;<\/p>\n<p><span style=\"color: #ff0066;\"><em><strong>V\u00ec cu\u1ed1n s\u00e1ch n\u00e0y m\u00e0 HT Th\u00edch Qu\u1ea3ng \u0110\u1ed9 b\u1ecb b\u1eaft t\u1ea1i Saigon ng\u00e0y 4.1.1995 v\u00e0 b\u1ecb giam g\u1ea7n 4 n\u0103m \u1edf mi\u1ec1n B\u1eafc !<\/strong><\/em><\/span><\/p>\n<p>&nbsp;<\/p>\n<p><em><strong>S\u00e1ch d\u00e0y 176 trang, l\u1eddi gi\u1edbi thi\u1ec7u c\u1ee7a V\u00f5 V\u00e3n \u00c1i.<\/strong><\/em><\/p>\n<p>&nbsp;<\/p>\n","protected":false},"featured_media":41374,"comment_status":"open","ping_status":"closed","template":"","meta":{"_bbp_topic_count":0,"_bbp_reply_count":0,"_bbp_total_topic_count":0,"_bbp_total_reply_count":0,"_bbp_voice_count":0,"_bbp_anonymous_reply_count":0,"_bbp_topic_count_hidden":0,"_bbp_reply_count_hidden":0,"_bbp_forum_subforum_count":0},"product_brand":[],"product_cat":[827],"product_tag":[836,828,823],"class_list":{"0":"post-41373","1":"product","2":"type-product","3":"status-publish","4":"has-post-thumbnail","5":"","6":"product_cat-sach","7":"product_tag-cpv","8":"product_tag-thich-quang-do","9":"product_tag-vo-van-ai","10":"product_shipping_class-rate-1","12":"first","13":"instock","14":"shipping-taxable","15":"purchasable","16":"product-type-simple"},"_links":{"self":[{"href":"https:\/\/queme.org\/vi\/wp-json\/wp\/v2\/product\/41373","targetHints":{"allow":["GET"]}}],"collection":[{"href":"https:\/\/queme.org\/vi\/wp-json\/wp\/v2\/product"}],"about":[{"href":"https:\/\/queme.org\/vi\/wp-json\/wp\/v2\/types\/product"}],"replies":[{"embeddable":true,"href":"https:\/\/queme.org\/vi\/wp-json\/wp\/v2\/comments?post=41373"}],"wp:featuredmedia":[{"embeddable":true,"href":"https:\/\/queme.org\/vi\/wp-json\/wp\/v2\/media\/41374"}],"wp:attachment":[{"href":"https:\/\/queme.org\/vi\/wp-json\/wp\/v2\/media?parent=41373"}],"wp:term":[{"taxonomy":"product_brand","embeddable":true,"href":"https:\/\/queme.org\/vi\/wp-json\/wp\/v2\/product_brand?post=41373"},{"taxonomy":"product_cat","embeddable":true,"href":"https:\/\/queme.org\/vi\/wp-json\/wp\/v2\/product_cat?post=41373"},{"taxonomy":"product_tag","embeddable":true,"href":"https:\/\/queme.org\/vi\/wp-json\/wp\/v2\/product_tag?post=41373"}],"curies":[{"name":"wp","href":"https:\/\/api.w.org\/{rel}","templated":true}]}}