{"id":41378,"date":"2016-04-08T09:22:13","date_gmt":"2016-04-08T09:22:13","guid":{"rendered":"https:\/\/queme.org\/?post_type=product&#038;p=41378"},"modified":"2019-06-24T08:03:20","modified_gmt":"2019-06-24T08:03:20","slug":"tho-tu-thich-quang-do","status":"publish","type":"product","link":"https:\/\/queme.org\/vi\/san-pham\/tho-tu-thich-quang-do\/","title":{"rendered":"Th\u01a1 T\u00f9 <br><em>Th\u00edch Qu\u1ea3ng \u0110\u1ed9<\/em>"},"content":{"rendered":"","protected":false},"excerpt":{"rendered":"<p><span style=\"color: #c00000;\"><strong>TH\u01a0 T\u00d9 C\u1ee6A H\u00d2A TH\u01af\u1ee2NG TH\u00cdCH QU\u1ea2NG \u0110\u1ed8<\/strong><\/span> l\u00e0 nh\u1eefng b\u00e0i th\u01a1 c\u00f2n s\u00f3t l\u1ea1i n\u01a1i tr\u00ed nh\u1edb trong s\u1ed1 400 b\u00e0i s\u00e1ng t\u00e1c th\u1eddi H\u00f2a th\u01b0\u1ee3ng Th\u00edch Qu\u1ea3ng \u0110\u1ed9 b\u1ecb giam nh\u1ed1t \u1edf Saigon v\u00e0 giai \u0111o\u1ea1n l\u01b0u \u0111\u00e0y t\u1ec9nh Th\u00e1i B\u00ecnh, mi\u1ec1n B\u1eafc, t\u1eeb 1977 \u0111\u1ebfn 1992. \u0110\u1ecdc \u0111\u1ec3 nh\u00ecn l\u1ea1i h\u00ecnh \u1ea3nh \u0111\u1ecba ng\u1ee5c tr\u1ea7n gian d\u01b0\u1edbi ch\u1ebf \u0111\u1ed9 C\u1ed9ng s\u1ea3n m\u00e0 h\u00e0ng tri\u1ec7u qu\u00e2n, c\u00e1n, ch\u00ednh v\u00e0 Ph\u1eadt t\u1eed ph\u1ea3i s\u1ed1ng m\u00f2n 35 n\u0103m qua.<\/p>\n<p>&nbsp;<\/p>\n<p><em>S\u00e1ch in tuy\u1ec7t \u0111\u1eb9p, b\u00eca c\u1ee9ng, kh\u1ed5 14 cm x 22 cm, 229 trang v\u00e0 24 trang h\u00ecnh m\u00e0u.<\/em><\/p>\n","protected":false},"featured_media":41379,"comment_status":"open","ping_status":"closed","template":"","meta":{"_bbp_topic_count":0,"_bbp_reply_count":0,"_bbp_total_topic_count":0,"_bbp_total_reply_count":0,"_bbp_voice_count":0,"_bbp_anonymous_reply_count":0,"_bbp_topic_count_hidden":0,"_bbp_reply_count_hidden":0,"_bbp_forum_subforum_count":0},"product_brand":[],"product_cat":[827],"product_tag":[828],"class_list":{"0":"post-41378","1":"product","2":"type-product","3":"status-publish","4":"has-post-thumbnail","5":"","6":"product_cat-sach","7":"product_tag-thich-quang-do","8":"product_shipping_class-rate-1","10":"first","11":"instock","12":"shipping-taxable","13":"purchasable","14":"product-type-simple"},"_links":{"self":[{"href":"https:\/\/queme.org\/vi\/wp-json\/wp\/v2\/product\/41378","targetHints":{"allow":["GET"]}}],"collection":[{"href":"https:\/\/queme.org\/vi\/wp-json\/wp\/v2\/product"}],"about":[{"href":"https:\/\/queme.org\/vi\/wp-json\/wp\/v2\/types\/product"}],"replies":[{"embeddable":true,"href":"https:\/\/queme.org\/vi\/wp-json\/wp\/v2\/comments?post=41378"}],"wp:featuredmedia":[{"embeddable":true,"href":"https:\/\/queme.org\/vi\/wp-json\/wp\/v2\/media\/41379"}],"wp:attachment":[{"href":"https:\/\/queme.org\/vi\/wp-json\/wp\/v2\/media?parent=41378"}],"wp:term":[{"taxonomy":"product_brand","embeddable":true,"href":"https:\/\/queme.org\/vi\/wp-json\/wp\/v2\/product_brand?post=41378"},{"taxonomy":"product_cat","embeddable":true,"href":"https:\/\/queme.org\/vi\/wp-json\/wp\/v2\/product_cat?post=41378"},{"taxonomy":"product_tag","embeddable":true,"href":"https:\/\/queme.org\/vi\/wp-json\/wp\/v2\/product_tag?post=41378"}],"curies":[{"name":"wp","href":"https:\/\/api.w.org\/{rel}","templated":true}]}}