{"id":41382,"date":"2017-01-17T16:24:58","date_gmt":"2017-01-17T16:24:58","guid":{"rendered":"https:\/\/queme.org\/?post_type=product&#038;p=41382"},"modified":"2019-06-24T07:58:45","modified_gmt":"2019-06-24T07:58:45","slug":"mot-doi-vi-dao-vi-dan-duc-co-tang-thong-thich-huyen-quang","status":"publish","type":"product","link":"https:\/\/queme.org\/vi\/san-pham\/mot-doi-vi-dao-vi-dan-duc-co-tang-thong-thich-huyen-quang\/","title":{"rendered":"M\u1ed9t \u0110\u1eddi V\u00ec \u0110\u1ea1o V\u00ec D\u00e2n: \u0110\u1ee9c C\u1ed1 T\u0103ng Th\u1ed1ng Th\u00edch Huy\u1ec1n Quang"},"content":{"rendered":"","protected":false},"excerpt":{"rendered":"<p><span style=\"color: #c00000;\"><strong><u>M<\/u><\/strong><strong>\u1ed8<u>T \u0110\u1edcI V\u00cc \u0110<\/u>\u1ea0<u>O V\u00cc D\u00c2N<\/u>\u00a0: \u0110\u1ee8C C\u1ed0 T\u0102NG TH\u1ed0NG TH\u00cdCH HUY\u1ec0N QUANG<\/strong><\/span> cu\u1ed1n s\u00e1ch kh\u00f4ng th\u1ec3 thi\u1ebfu \u0111\u1ec3 am hi\u1ec3u \u0111\u01b0\u1eddng l\u1ed1i, l\u1eadp tr\u01b0\u1eddng c\u1ee7a Gi\u00e1o h\u1ed9i Ph\u1eadt gi\u00e1o Vi\u1ec7t Nam Th\u1ed1ng nh\u1ea5t trong cu\u1ed9c \u0111\u1ea5u tranh cho t\u1ef1 do t\u00f4n gi\u00e1o, nh\u00e2n quy\u1ec1n v\u00e0 d\u00e2n ch\u1ee7 c\u1ee7a Ph\u1eadt gi\u00e1o Vi\u1ec7t Nam su\u1ed1t qu\u00e1 tr\u00ecnh 40 n\u0103m qua. S\u00e1ch bao g\u1ed3m h\u00e0nh tr\u1ea1ng \u0110\u1ee9c c\u1ed1 \u0110\u1ec7 t\u1ee9 T\u0103ng th\u1ed1ng Th\u00edch Huy\u1ec1n Quang, nh\u1eefng v\u0103n ki\u1ec7n l\u1ecbch s\u1eed \u0111\u1ed1i kh\u00e1ng ch\u1ebf \u0111\u1ed9 \u0111\u1ed9c t\u00e0i to\u00e0n tr\u1ecb, qua \u0111\u00f3, y\u1ebfu t\u00ednh c\u1ee7a Ph\u1eadt gi\u00e1o Vi\u1ec7t Nam l\u00e0m b\u1ed9c d\u1eady s\u1ee9c s\u1ed1ng b\u1ea5t khu\u1ea5t trong tinh th\u1ea7n \u0111\u1ea1i h\u00f9ng, \u0111\u1ea1i l\u1ef1c, \u0111\u1ea1i t\u1eeb bi c\u1ee7a Ng\u01b0\u1eddi Ph\u1eadt t\u1eed Vi\u1ec7t.<\/p>\n<p>&nbsp;<\/p>\n<p>\u2014 S\u00e1ch \u0111\u00f3ng ch\u1ec9 v\u00e0 \u1ea5n lo\u00e1t tuy\u1ec7t \u0111\u1eb9p, b\u00eca c\u1ee9ng m\u1ea1 v\u00e0ng<strong>, <\/strong>320 trang. <u>T<\/u>\u1ea1<u>i Hoa K\u1ef3 &amp; Canada<\/u>, Gi\u00e1\u00a0: 25$US + 5$US b\u01b0u ph\u00ed <strong>\u2014 <\/strong><u>T<\/u>\u1ea1<u>i Ph\u00e1p v\u00e0 \u00c2u ch\u00e2u<\/u>, Gi\u00e1 25 Euros, + 5 Euros b\u01b0u ph\u00ed <strong>\u2014<\/strong> Chi phi\u1ebfu \u0111\u1ec1 t\u00ean Qu\u00ea M\u1eb9 g\u1eedi v\u1ec1 \u0111\u1ecba ch\u1ec9 : Qu\u00ea M\u1eb9 &#8211; 48 rue Parmentier <strong>\u2014<\/strong> 94450 Limeil <strong>\u2013<\/strong> Br\u00e9vannes <strong>\u2013<\/strong> France<\/p>\n","protected":false},"featured_media":41383,"comment_status":"open","ping_status":"closed","template":"","meta":{"_bbp_topic_count":0,"_bbp_reply_count":0,"_bbp_total_topic_count":0,"_bbp_total_reply_count":0,"_bbp_voice_count":0,"_bbp_anonymous_reply_count":0,"_bbp_topic_count_hidden":0,"_bbp_reply_count_hidden":0,"_bbp_forum_subforum_count":0},"product_brand":[],"product_cat":[827],"product_tag":[839,837,838],"class_list":{"0":"post-41382","1":"product","2":"type-product","3":"status-publish","4":"has-post-thumbnail","5":"","6":"product_cat-sach","7":"product_tag-ghpgvntn","8":"product_tag-thich-huyen-quang","9":"product_tag-ubcv","10":"product_shipping_class-rate-1","12":"first","13":"instock","14":"shipping-taxable","15":"purchasable","16":"product-type-simple"},"_links":{"self":[{"href":"https:\/\/queme.org\/vi\/wp-json\/wp\/v2\/product\/41382","targetHints":{"allow":["GET"]}}],"collection":[{"href":"https:\/\/queme.org\/vi\/wp-json\/wp\/v2\/product"}],"about":[{"href":"https:\/\/queme.org\/vi\/wp-json\/wp\/v2\/types\/product"}],"replies":[{"embeddable":true,"href":"https:\/\/queme.org\/vi\/wp-json\/wp\/v2\/comments?post=41382"}],"wp:featuredmedia":[{"embeddable":true,"href":"https:\/\/queme.org\/vi\/wp-json\/wp\/v2\/media\/41383"}],"wp:attachment":[{"href":"https:\/\/queme.org\/vi\/wp-json\/wp\/v2\/media?parent=41382"}],"wp:term":[{"taxonomy":"product_brand","embeddable":true,"href":"https:\/\/queme.org\/vi\/wp-json\/wp\/v2\/product_brand?post=41382"},{"taxonomy":"product_cat","embeddable":true,"href":"https:\/\/queme.org\/vi\/wp-json\/wp\/v2\/product_cat?post=41382"},{"taxonomy":"product_tag","embeddable":true,"href":"https:\/\/queme.org\/vi\/wp-json\/wp\/v2\/product_tag?post=41382"}],"curies":[{"name":"wp","href":"https:\/\/api.w.org\/{rel}","templated":true}]}}