{"id":41386,"date":"2017-01-17T16:30:13","date_gmt":"2017-01-17T16:30:13","guid":{"rendered":"https:\/\/queme.org\/?post_type=product&#038;p=41386"},"modified":"2019-06-24T07:58:25","modified_gmt":"2019-06-24T07:58:25","slug":"kinh-ruot-tue-giac-sieu-viet","status":"publish","type":"product","link":"https:\/\/queme.org\/vi\/san-pham\/kinh-ruot-tue-giac-sieu-viet\/","title":{"rendered":"Kinh Ru\u1ed9t tu\u1ec7 gi\u00e1c si\u00eau Vi\u1ec7t"},"content":{"rendered":"","protected":false},"excerpt":{"rendered":"<p><span style=\"color: #c00000;\"><strong><u>KINH RU<\/u><\/strong><strong>\u1ed8<u>T TU<\/u>\u1ec6<u> GI\u00c1C SI\u00caU VI<\/u>\u1ec6<u>T<\/u>,<\/strong>\u2014<strong> Bi\u1ec7n ch\u1ee9ng ph\u00e1 m\u00ea tr\u1eeb kh\u1ed5 \u2014 Thi V\u0169<\/strong><\/span> d\u1ecbch v\u00e0 ch\u00fa gi\u1ea3i b\u1ea3n Kinh ch\u1eef Ph\u1ea1n Praj\u00f1\u0101p\u0101ramit\u0101 H\u0157daya S\u016btra (T\u00e2m Kinh)<\/p>\n<p>&nbsp;<\/p>\n<p>\u201c\u1ede trong \u0111\u00e1m gi\u1eb7c m\u00e0 t\u00e2m ch\u00ed kh\u00f4ng ki\u00ean \u0111\u1ecbnh th\u00ec l\u00e0m sao ph\u00e1 v\u1ee1? Trong \u0111\u00e1m qu\u00e2n lo\u1ea1n t\u01b0\u1edfng c\u0169ng v\u1eady.\u201d <strong>\u2014<\/strong><\/p>\n<p>&nbsp;<\/p>\n<p>L\u1ecbch s\u1eed du h\u1ecdc \u1ea4n \u0110\u1ed9 c\u1ee7a ng\u00e0i Huy\u1ec1n Tr\u00e1ng c\u00f3 ch\u00e9p ng\u00e0i \u0111\u01b0\u1ee3c m\u1ed9t v\u1ecb th\u00e1nh t\u0103ng d\u1ea1y cho b\u1ea3n kinh n\u00e0y trong m\u1ed9ng, l\u00fac b\u1ecb n\u1ea1n gi\u1eefa sa m\u1ea1c m\u00e0 ng\u00e0i \u0111i qua, nh\u1edd \u0111\u00f3 ng\u00e0i tho\u00e1t n\u1ea1n v\u00e0 cu\u1ed9c du h\u1ecdc ho\u00e0n th\u00e0nh.<\/p>\n<p>&nbsp;<\/p>\n<p>\u2014 S\u00e1ch tuy\u1ec7t \u0111\u1eb9p in k\u00e8m b\u1ea3n ch\u1eef Ph\u1ea1n 86 trang, kh\u1ed5 9,5 x 19 cm.. <u>T<\/u>\u1ea1<u>i Hoa K\u1ef3 &amp; Canada<\/u>, Gi\u00e1\u00a0: 15$US + 5$US b\u01b0u ph\u00ed <strong>\u2014 <\/strong><u>T<\/u>\u1ea1<u>i Ph\u00e1p v\u00e0 \u00c2u ch\u00e2u<\/u>, Gi\u00e1 15 Euros, + 5 Euros b\u01b0u ph\u00ed <strong>\u2014<\/strong> Chi phi\u1ebfu \u0111\u1ec1 t\u00ean Qu\u00ea M\u1eb9 g\u1eedi v\u1ec1 \u0111\u1ecba ch\u1ec9 : Qu\u00ea M\u1eb9 &#8211; 48 rue Parmentier <strong>\u2014<\/strong> 94450 Limeil <strong>\u2013<\/strong> Br\u00e9vannes <strong>\u2013<\/strong> France<\/p>\n","protected":false},"featured_media":41474,"comment_status":"open","ping_status":"closed","template":"","meta":{"_bbp_topic_count":0,"_bbp_reply_count":0,"_bbp_total_topic_count":0,"_bbp_total_reply_count":0,"_bbp_voice_count":0,"_bbp_anonymous_reply_count":0,"_bbp_topic_count_hidden":0,"_bbp_reply_count_hidden":0,"_bbp_forum_subforum_count":0},"product_brand":[],"product_cat":[827],"product_tag":[830,835,822],"class_list":{"0":"post-41386","1":"product","2":"type-product","3":"status-publish","4":"has-post-thumbnail","5":"","6":"product_cat-sach","7":"product_tag-buddhism","8":"product_tag-phat-giao","9":"product_tag-thi-vu","10":"product_shipping_class-rate-1","12":"first","13":"instock","14":"shipping-taxable","15":"purchasable","16":"product-type-simple"},"_links":{"self":[{"href":"https:\/\/queme.org\/vi\/wp-json\/wp\/v2\/product\/41386","targetHints":{"allow":["GET"]}}],"collection":[{"href":"https:\/\/queme.org\/vi\/wp-json\/wp\/v2\/product"}],"about":[{"href":"https:\/\/queme.org\/vi\/wp-json\/wp\/v2\/types\/product"}],"replies":[{"embeddable":true,"href":"https:\/\/queme.org\/vi\/wp-json\/wp\/v2\/comments?post=41386"}],"wp:featuredmedia":[{"embeddable":true,"href":"https:\/\/queme.org\/vi\/wp-json\/wp\/v2\/media\/41474"}],"wp:attachment":[{"href":"https:\/\/queme.org\/vi\/wp-json\/wp\/v2\/media?parent=41386"}],"wp:term":[{"taxonomy":"product_brand","embeddable":true,"href":"https:\/\/queme.org\/vi\/wp-json\/wp\/v2\/product_brand?post=41386"},{"taxonomy":"product_cat","embeddable":true,"href":"https:\/\/queme.org\/vi\/wp-json\/wp\/v2\/product_cat?post=41386"},{"taxonomy":"product_tag","embeddable":true,"href":"https:\/\/queme.org\/vi\/wp-json\/wp\/v2\/product_tag?post=41386"}],"curies":[{"name":"wp","href":"https:\/\/api.w.org\/{rel}","templated":true}]}}