{"id":41390,"date":"2017-01-15T17:37:48","date_gmt":"2017-01-15T17:37:48","guid":{"rendered":"https:\/\/queme.org\/?post_type=product&#038;p=41390"},"modified":"2019-06-24T08:01:21","modified_gmt":"2019-06-24T08:01:21","slug":"doi-net-ve-han-mac-tu-hoi-ky-cua-quach-tan","status":"publish","type":"product","link":"https:\/\/queme.org\/vi\/san-pham\/doi-net-ve-han-mac-tu-hoi-ky-cua-quach-tan\/","title":{"rendered":"\u0110\u00f4i n\u00e9t v\u1ec1 H\u00e0n M\u1eb7c T\u1eed<br> H\u1ed3i k\u00fd c\u1ee7a <em>Qu\u00e1ch T\u1ea5n<\/em>"},"content":{"rendered":"","protected":false},"excerpt":{"rendered":"<p><span style=\"color: #c00000;\"><strong><u>\u0110\u00d4I N\u00c9T V\u1ec0 H\u00c0N M<\/u><\/strong><strong>\u1eb6<u>C T\u1eec<\/u>, H\u1ed3i k\u00fd c\u1ee7a Qu\u00e1ch T\u1ea5n<\/strong><\/span>. Nhi\u1ec1u t\u00e0i li\u1ec7u quan tr\u1ecdng v\u00e0 ch\u00ednh x\u00e1c v\u1ec1 cu\u1ed9c \u0111\u1eddi v\u00e0 th\u01a1 v\u0103n c\u1ee7a H\u00e0n M\u1eb7c T\u1eed l\u1ea7n \u0111\u1ea7u ti\u00ean \u0111\u01b0\u1ee3c c\u00f4ng b\u1ed1. V\u1edbi nh\u1eefng b\u00e0i vi\u1ebft ph\u1ee5 l\u1ee5c c\u1ee7a Ch\u00e2u H\u1ea3i K\u1ef3, Nguy\u1ec5n Th\u1ecb Nh\u01b0 L\u1ec5, H\u00f2ang Tr\u1ecdng Mi\u00ean, Ng\u1ecdc S\u01b0\u01a1ng, Ph\u1ea1m C\u00f4ng Thi\u1ec7n, Nguy\u1ec5n V\u0103n X\u00ea.<\/p>\n<p>&nbsp;<\/p>\n<p>\u2014 S\u00e1ch d\u00e0y 216 trang. <u>T<\/u>\u1ea1<u>i Hoa K\u1ef3 &amp; Canada<\/u>, Gi\u00e1\u00a0: 20$US + 5$US b\u01b0u ph\u00ed <strong>\u2014 <\/strong><u>T<\/u>\u1ea1<u>i Ph\u00e1p v\u00e0 \u00c2u ch\u00e2u<\/u>, Gi\u00e1 20 Euros, + 5 Euros b\u01b0u ph\u00ed <strong>\u2014<\/strong> Chi phi\u1ebfu \u0111\u1ec1 t\u00ean Qu\u00ea M\u1eb9 g\u1eedi v\u1ec1 \u0111\u1ecba ch\u1ec9 : Qu\u00ea M\u1eb9 &#8211; 48 rue Parmentier <strong>\u2014<\/strong> 94450 Limeil <strong>\u2013<\/strong> Br\u00e9vannes <strong>\u2013<\/strong> France<\/p>\n","protected":false},"featured_media":41391,"comment_status":"open","ping_status":"closed","template":"","meta":{"_bbp_topic_count":0,"_bbp_reply_count":0,"_bbp_total_topic_count":0,"_bbp_total_reply_count":0,"_bbp_voice_count":0,"_bbp_anonymous_reply_count":0,"_bbp_topic_count_hidden":0,"_bbp_reply_count_hidden":0,"_bbp_forum_subforum_count":0},"product_brand":[],"product_cat":[827],"product_tag":[840],"class_list":{"0":"post-41390","1":"product","2":"type-product","3":"status-publish","4":"has-post-thumbnail","5":"","6":"product_cat-sach","7":"product_tag-quach-tan","8":"product_shipping_class-rate-1","10":"first","11":"instock","12":"shipping-taxable","13":"purchasable","14":"product-type-simple"},"_links":{"self":[{"href":"https:\/\/queme.org\/vi\/wp-json\/wp\/v2\/product\/41390","targetHints":{"allow":["GET"]}}],"collection":[{"href":"https:\/\/queme.org\/vi\/wp-json\/wp\/v2\/product"}],"about":[{"href":"https:\/\/queme.org\/vi\/wp-json\/wp\/v2\/types\/product"}],"replies":[{"embeddable":true,"href":"https:\/\/queme.org\/vi\/wp-json\/wp\/v2\/comments?post=41390"}],"wp:featuredmedia":[{"embeddable":true,"href":"https:\/\/queme.org\/vi\/wp-json\/wp\/v2\/media\/41391"}],"wp:attachment":[{"href":"https:\/\/queme.org\/vi\/wp-json\/wp\/v2\/media?parent=41390"}],"wp:term":[{"taxonomy":"product_brand","embeddable":true,"href":"https:\/\/queme.org\/vi\/wp-json\/wp\/v2\/product_brand?post=41390"},{"taxonomy":"product_cat","embeddable":true,"href":"https:\/\/queme.org\/vi\/wp-json\/wp\/v2\/product_cat?post=41390"},{"taxonomy":"product_tag","embeddable":true,"href":"https:\/\/queme.org\/vi\/wp-json\/wp\/v2\/product_tag?post=41390"}],"curies":[{"name":"wp","href":"https:\/\/api.w.org\/{rel}","templated":true}]}}