{"id":41394,"date":"2017-01-15T17:45:12","date_gmt":"2017-01-15T17:45:12","guid":{"rendered":"https:\/\/queme.org\/?post_type=product&#038;p=41394"},"modified":"2019-06-24T08:01:52","modified_gmt":"2019-06-24T08:01:52","slug":"luan-chien-nuoc-ngoai-vo-van-ai","status":"publish","type":"product","link":"https:\/\/queme.org\/vi\/san-pham\/luan-chien-nuoc-ngoai-vo-van-ai\/","title":{"rendered":"Lu\u1eadn chi\u1ebfn n\u01b0\u1edbc ngo\u00e0i <br><em>V\u00f5 V\u0103n \u00c1i<\/em>"},"content":{"rendered":"","protected":false},"excerpt":{"rendered":"<p><span style=\"color: #c00000;\"><strong><u>LU<\/u><\/strong><strong>\u1eac<u>N CHI\u1ebeN N\u01af\u1edaC NGO\u00c0I<\/u> \/ V\u00f5 V\u0103n \u00c1i<\/strong><\/span> \u2014 Nh\u1eefng lu\u1eadn \u0111i\u1ec3m \u0111i t\u1edbi t\u1eadn c\u00f9ng s\u1ef1 Ho\u00e1 gi\u1ea3i d\u00e2n t\u1ed9c trong b\u1ed1i c\u1ea3nh s\u00e1u m\u01b0\u01a1i n\u0103m tranh ch\u1ea5p, h\u1eadn th\u00f9, v\u1ecdng ngo\u1ea1i, nh\u1eefng \u00fd t\u01b0\u1edfng ng\u1eadp tr\u00e0n sinh kh\u00ed tr\u00ean m\u1ea3nh \u0111\u1ea5t n\u1eb7ng n\u1ec1 t\u1eed kh\u00ed, m\u00e0 Nh\u00e0 v\u0103n Xu\u00e2n V\u0169 \u0111\u00e1nh gi\u00e1 :<\/p>\n<p>&nbsp;<\/p>\n<p><em>\u201cT\u01b0 t\u01b0\u1edfng s\u00e1ng ng\u1eddi c\u1ee7a Lu\u1eadn chi\u1ebfn n\u01b0\u1edbc ngo\u00e0i. l\u00e0 ng\u1ecdn l\u1eeda l\u1edbn m\u00e0 ng\u01b0\u1eddi chuy\u1ec3n v\u1ec1 Qu\u00ea H\u01b0\u01a1ng l\u00e0 t\u1ea1p ch\u00ed Qu\u00ea M\u1eb9. V\u00ec th\u1ebf \u0111\u1ecdc V\u00f5 V\u0103n \u00c1i c\u1ea3 quy\u1ec3n s\u00e1ch 400 trang, kh\u00f4ng m\u1ec7t m\u00e0 th\u1ea5y kh\u1ecfe v\u00f4 c\u00f9ng, m\u1ed9t c\u00e1i kho\u1ebb thi\u00ean th\u1ea7n c\u1ee7a m\u1ed9t ng\u01b0\u1eddi v\u1eeba \u1ed1m d\u1eady\u201d.<\/em><\/p>\n<p>&nbsp;<\/p>\n<p>\u2014 S\u00e1ch d\u00e0y 382 trang. <u>T<\/u>\u1ea1<u>i Hoa K\u1ef3 &amp; Canada<\/u>, Gi\u00e1\u00a0: 25$US + 5$US b\u01b0u ph\u00ed <strong>\u2014 <\/strong><u>T<\/u>\u1ea1<u>i Ph\u00e1p v\u00e0 \u00c2u ch\u00e2u<\/u>, Gi\u00e1 25 Euros, + 5 Euros b\u01b0u ph\u00ed <strong>\u2014<\/strong> Chi phi\u1ebfu \u0111\u1ec1 t\u00ean Qu\u00ea M\u1eb9 g\u1eedi v\u1ec1 \u0111\u1ecba ch\u1ec9 : Qu\u00ea M\u1eb9 &#8211; 48 rue Parmentier <strong>\u2014<\/strong> 94450 Limeil <strong>\u2013<\/strong> Br\u00e9vannes <strong>\u2013<\/strong> France<\/p>\n","protected":false},"featured_media":41395,"comment_status":"open","ping_status":"closed","template":"","meta":{"_bbp_topic_count":0,"_bbp_reply_count":0,"_bbp_total_topic_count":0,"_bbp_total_reply_count":0,"_bbp_voice_count":0,"_bbp_anonymous_reply_count":0,"_bbp_topic_count_hidden":0,"_bbp_reply_count_hidden":0,"_bbp_forum_subforum_count":0},"product_brand":[],"product_cat":[827],"product_tag":[823],"class_list":{"0":"post-41394","1":"product","2":"type-product","3":"status-publish","4":"has-post-thumbnail","5":"","6":"product_cat-sach","7":"product_tag-vo-van-ai","8":"product_shipping_class-rate-1","10":"first","11":"instock","12":"shipping-taxable","13":"purchasable","14":"product-type-simple"},"_links":{"self":[{"href":"https:\/\/queme.org\/vi\/wp-json\/wp\/v2\/product\/41394","targetHints":{"allow":["GET"]}}],"collection":[{"href":"https:\/\/queme.org\/vi\/wp-json\/wp\/v2\/product"}],"about":[{"href":"https:\/\/queme.org\/vi\/wp-json\/wp\/v2\/types\/product"}],"replies":[{"embeddable":true,"href":"https:\/\/queme.org\/vi\/wp-json\/wp\/v2\/comments?post=41394"}],"wp:featuredmedia":[{"embeddable":true,"href":"https:\/\/queme.org\/vi\/wp-json\/wp\/v2\/media\/41395"}],"wp:attachment":[{"href":"https:\/\/queme.org\/vi\/wp-json\/wp\/v2\/media?parent=41394"}],"wp:term":[{"taxonomy":"product_brand","embeddable":true,"href":"https:\/\/queme.org\/vi\/wp-json\/wp\/v2\/product_brand?post=41394"},{"taxonomy":"product_cat","embeddable":true,"href":"https:\/\/queme.org\/vi\/wp-json\/wp\/v2\/product_cat?post=41394"},{"taxonomy":"product_tag","embeddable":true,"href":"https:\/\/queme.org\/vi\/wp-json\/wp\/v2\/product_tag?post=41394"}],"curies":[{"name":"wp","href":"https:\/\/api.w.org\/{rel}","templated":true}]}}