{"id":41398,"date":"2017-01-15T17:55:20","date_gmt":"2017-01-15T17:55:20","guid":{"rendered":"https:\/\/queme.org\/?post_type=product&#038;p=41398"},"modified":"2019-06-24T08:02:02","modified_gmt":"2019-06-24T08:02:02","slug":"binh-thu-yeu-luoc-tran-hung-dao","status":"publish","type":"product","link":"https:\/\/queme.org\/vi\/san-pham\/binh-thu-yeu-luoc-tran-hung-dao\/","title":{"rendered":"Binh Th\u01b0 Y\u1ebfu L\u01b0\u1ee3c <br>Tr\u1ea7n H\u01b0ng \u0110\u1ea1o"},"content":{"rendered":"","protected":false},"excerpt":{"rendered":"<p><span style=\"color: #c00000;\"><strong><u>BINH TH\u01af Y\u1ebeU L\u01af<\/u><\/strong><strong>\u1ee2<u>C<\/u><\/strong><\/span><br \/>\n<strong>C\u1ee6A TR\u1ea6N H\u01afNG \u0110\u1ea0O<\/strong><\/p>\n<p>&nbsp;<\/p>\n<p>M\u1ed9t thi\u00ean t\u00e0i qu\u00e2n s\u1ef1 c\u1ee7a d\u00e2n t\u1ed9c ta.<\/p>\n<p>&nbsp;<\/p>\n<p>\u2014 S\u00e1ch d\u00e0y 382 trang. <u>T<\/u>\u1ea1<u>i Hoa K\u1ef3 &amp; Canada<\/u>, Gi\u00e1\u00a0: 25$US + 5$US b\u01b0u ph\u00ed <strong>\u2014 <\/strong><u>T<\/u>\u1ea1<u>i Ph\u00e1p v\u00e0 \u00c2u ch\u00e2u<\/u>, Gi\u00e1 25 Euros, + 5 Euros b\u01b0u ph\u00ed <strong>\u2014<\/strong> Chi phi\u1ebfu \u0111\u1ec1 t\u00ean Qu\u00ea M\u1eb9 g\u1eedi v\u1ec1 \u0111\u1ecba ch\u1ec9 : Qu\u00ea M\u1eb9 &#8211; 48 rue Parmentier <strong>\u2014<\/strong> 94450 Limeil <strong>\u2013<\/strong> Br\u00e9vannes <strong>\u2013<\/strong> France<\/p>\n","protected":false},"featured_media":41399,"comment_status":"open","ping_status":"closed","template":"","meta":{"_bbp_topic_count":0,"_bbp_reply_count":0,"_bbp_total_topic_count":0,"_bbp_total_reply_count":0,"_bbp_voice_count":0,"_bbp_anonymous_reply_count":0,"_bbp_topic_count_hidden":0,"_bbp_reply_count_hidden":0,"_bbp_forum_subforum_count":0},"product_brand":[],"product_cat":[827],"product_tag":[841],"class_list":{"0":"post-41398","1":"product","2":"type-product","3":"status-publish","4":"has-post-thumbnail","5":"","6":"product_cat-sach","7":"product_tag-tran-hung-dao","8":"product_shipping_class-rate-1","10":"first","11":"instock","12":"shipping-taxable","13":"purchasable","14":"product-type-simple"},"_links":{"self":[{"href":"https:\/\/queme.org\/vi\/wp-json\/wp\/v2\/product\/41398","targetHints":{"allow":["GET"]}}],"collection":[{"href":"https:\/\/queme.org\/vi\/wp-json\/wp\/v2\/product"}],"about":[{"href":"https:\/\/queme.org\/vi\/wp-json\/wp\/v2\/types\/product"}],"replies":[{"embeddable":true,"href":"https:\/\/queme.org\/vi\/wp-json\/wp\/v2\/comments?post=41398"}],"wp:featuredmedia":[{"embeddable":true,"href":"https:\/\/queme.org\/vi\/wp-json\/wp\/v2\/media\/41399"}],"wp:attachment":[{"href":"https:\/\/queme.org\/vi\/wp-json\/wp\/v2\/media?parent=41398"}],"wp:term":[{"taxonomy":"product_brand","embeddable":true,"href":"https:\/\/queme.org\/vi\/wp-json\/wp\/v2\/product_brand?post=41398"},{"taxonomy":"product_cat","embeddable":true,"href":"https:\/\/queme.org\/vi\/wp-json\/wp\/v2\/product_cat?post=41398"},{"taxonomy":"product_tag","embeddable":true,"href":"https:\/\/queme.org\/vi\/wp-json\/wp\/v2\/product_tag?post=41398"}],"curies":[{"name":"wp","href":"https:\/\/api.w.org\/{rel}","templated":true}]}}