{"id":41402,"date":"2017-01-15T18:01:52","date_gmt":"2017-01-15T18:01:52","guid":{"rendered":"https:\/\/queme.org\/?post_type=product&#038;p=41402"},"modified":"2019-06-24T08:02:09","modified_gmt":"2019-06-24T08:02:09","slug":"bon-muoi-nam-tho-viet-nam-1945-1985-tap-1-thi-vu","status":"publish","type":"product","link":"https:\/\/queme.org\/vi\/san-pham\/bon-muoi-nam-tho-viet-nam-1945-1985-tap-1-thi-vu\/","title":{"rendered":"B\u1ed1n m\u01b0\u01a1i n\u0103m th\u01a1 Vi\u1ec7t Nam 1945-1985 (t\u1eadp 1) <br><em>Thi V\u0169<\/em>"},"content":{"rendered":"","protected":false},"excerpt":{"rendered":"<p><span style=\"color: #c00000;\"><strong><u>B\u1ed0N M\u01af\u01a0I N\u0102M TH\u01a0 VI<\/u><\/strong><strong>\u1ec6<u>T NAM 1945-1985<\/u>, t\u1eadp 1,\u00a0 c\u1ee7a Thi V\u0169.<\/strong><\/span> Nh\u1eefng d\u00f2ng th\u01a1 Vi\u1ec7t \u0111\u00e3 b\u1ecb chi\u1ebfn tranh v\u00e0 n\u1ea1n \u0111\u1ed9c t\u00e0i thi\u00eau \u0111\u1ed1t, nay t\u00e1i hi\u1ec7n qua l\u1eddi b\u00ecnh lu\u1eadn v\u1edb nh\u00e3n th\u1ee9c m\u1edbi soi r\u1ecdi v\u00e0o thi ca, hi\u1ebfm th\u1ea5y tr\u00ean l\u0129nh v\u1ef1c ph\u00ea b\u00ecnh v\u0103n h\u1ecdc nhi\u1ec1u ch\u1ee5c n\u0103m qua.<\/p>\n<p>&nbsp;<\/p>\n<p>\u2014 S\u00e1ch d\u00e0y 510 trang. <u>T<\/u>\u1ea1<u>i Hoa K\u1ef3 &amp; Canada<\/u>, Gi\u00e1\u00a0: 40$US + 5$US b\u01b0u ph\u00ed <strong>\u2014 <\/strong><u>T<\/u>\u1ea1<u>i Ph\u00e1p v\u00e0 \u00c2u ch\u00e2u<\/u>, Gi\u00e1 40 Euros, + 5 Euros b\u01b0u ph\u00ed <strong>\u2014<\/strong> Chi phi\u1ebfu \u0111\u1ec1 t\u00ean Qu\u00ea M\u1eb9 g\u1eedi v\u1ec1 \u0111\u1ecba ch\u1ec9 : Qu\u00ea M\u1eb9 &#8211; 48 rue Parmentier <strong>\u2014<\/strong> 94450 Limeil <strong>\u2013<\/strong> Br\u00e9vannes <strong>\u2013<\/strong> France<\/p>\n<p>&nbsp;<\/p>\n","protected":false},"featured_media":41403,"comment_status":"open","ping_status":"closed","template":"","meta":{"_bbp_topic_count":0,"_bbp_reply_count":0,"_bbp_total_topic_count":0,"_bbp_total_reply_count":0,"_bbp_voice_count":0,"_bbp_anonymous_reply_count":0,"_bbp_topic_count_hidden":0,"_bbp_reply_count_hidden":0,"_bbp_forum_subforum_count":0},"product_brand":[],"product_cat":[827],"product_tag":[822],"class_list":{"0":"post-41402","1":"product","2":"type-product","3":"status-publish","4":"has-post-thumbnail","5":"","6":"product_cat-sach","7":"product_tag-thi-vu","8":"product_shipping_class-rate-1","10":"first","11":"instock","12":"shipping-taxable","13":"purchasable","14":"product-type-simple"},"_links":{"self":[{"href":"https:\/\/queme.org\/vi\/wp-json\/wp\/v2\/product\/41402","targetHints":{"allow":["GET"]}}],"collection":[{"href":"https:\/\/queme.org\/vi\/wp-json\/wp\/v2\/product"}],"about":[{"href":"https:\/\/queme.org\/vi\/wp-json\/wp\/v2\/types\/product"}],"replies":[{"embeddable":true,"href":"https:\/\/queme.org\/vi\/wp-json\/wp\/v2\/comments?post=41402"}],"wp:featuredmedia":[{"embeddable":true,"href":"https:\/\/queme.org\/vi\/wp-json\/wp\/v2\/media\/41403"}],"wp:attachment":[{"href":"https:\/\/queme.org\/vi\/wp-json\/wp\/v2\/media?parent=41402"}],"wp:term":[{"taxonomy":"product_brand","embeddable":true,"href":"https:\/\/queme.org\/vi\/wp-json\/wp\/v2\/product_brand?post=41402"},{"taxonomy":"product_cat","embeddable":true,"href":"https:\/\/queme.org\/vi\/wp-json\/wp\/v2\/product_cat?post=41402"},{"taxonomy":"product_tag","embeddable":true,"href":"https:\/\/queme.org\/vi\/wp-json\/wp\/v2\/product_tag?post=41402"}],"curies":[{"name":"wp","href":"https:\/\/api.w.org\/{rel}","templated":true}]}}