{"id":41406,"date":"2017-01-15T20:23:32","date_gmt":"2017-01-15T20:23:32","guid":{"rendered":"https:\/\/queme.org\/?post_type=product&#038;p=41406"},"modified":"2019-06-24T08:02:20","modified_gmt":"2019-06-24T08:02:20","slug":"la-democratie-etouffee","status":"publish","type":"product","link":"https:\/\/queme.org\/vi\/san-pham\/la-democratie-etouffee\/","title":{"rendered":"La d\u00e9mocratie \u00e9touff\u00e9e, <br>Les voix de la dissidence vietnamienne"},"content":{"rendered":"","protected":false},"excerpt":{"rendered":"<p><span style=\"color: #c00000;\"><strong><u>LA D\u00c9MOCRATIE \u00c9TOUFF\u00c9E<\/u><\/strong><strong> \u2014\u00a0 Les voix de la dissidence vietnamienne<\/strong><\/span> t\u1eadp h\u1ee3p c\u00e1c b\u00e0i vi\u1ebft d\u1ecbch ra Ph\u00e1p ng\u1eef c\u1ee7a Tr\u1ea7n \u0110\u1ed9, Ph\u1ea1m Qu\u1ebf D\u01b0\u01a1ng, \u0110\u1ed7 Trung Hi\u1ebfu, Tr\u1ea7n Khu\u00ea, Ho\u00e0 th\u01b0\u1ee3ng Th\u00edch Huy\u1ec1n Quang, Ho\u00e0 th\u01b0\u1ee3ng Th\u00edch Qu\u1ea3ng \u0110\u1ed9, \u0111\u1eb7c bi\u1ec7t Ki\u1ebfn ngh\u1ecb ng\u00e0y 2-8-2002 c\u1ee7a 21 nh\u00e2n s\u0129 tr\u00ed th\u1ee9c y\u00eau c\u1ea7u hu\u1ef7 b\u1ecf Ngh\u1ecb \u0111\u1ecbnh 31\/CP, v\u00e0, Ph\u00fac tr\u00ecnh v\u1ec1 cu\u1ed9c \u0110i\u1ec1u tra x\u00e3 h\u1ed9i h\u1ecdc cu\u1ed9c n\u1ed5i d\u1eady \u1edf Th\u00e1i B\u00ecnh th\u00e1ng 6 n\u0103m 1997 c\u1ee7a Gi\u00e1o s\u01b0 T\u01b0\u01a1ng Lai.<\/p>\n<p>&nbsp;<\/p>\n<p>\u2014 S\u00e1ch d\u00e0y 181 trang. <u>T<\/u>\u1ea1<u>i Hoa K\u1ef3 &amp; Canada<\/u>, Gi\u00e1\u00a0: 15$US + 5$US b\u01b0u ph\u00ed <strong>\u2014 <\/strong><u>T<\/u>\u1ea1<u>i Ph\u00e1p v\u00e0 \u00c2u ch\u00e2u<\/u>, Gi\u00e1 15 Euros, + 5 Euros b\u01b0u ph\u00ed <strong>\u2014<\/strong> Chi phi\u1ebfu \u0111\u1ec1 t\u00ean Qu\u00ea M\u1eb9 g\u1eedi v\u1ec1 \u0111\u1ecba ch\u1ec9 : Qu\u00ea M\u1eb9 &#8211; 48 rue Parmentier <strong>\u2014<\/strong> 94450 Limeil <strong>\u2013<\/strong> Br\u00e9vannes <strong>\u2013<\/strong> France<\/p>\n","protected":false},"featured_media":41407,"comment_status":"open","ping_status":"closed","template":"","meta":{"_bbp_topic_count":0,"_bbp_reply_count":0,"_bbp_total_topic_count":0,"_bbp_total_reply_count":0,"_bbp_voice_count":0,"_bbp_anonymous_reply_count":0,"_bbp_topic_count_hidden":0,"_bbp_reply_count_hidden":0,"_bbp_forum_subforum_count":0},"product_brand":[],"product_cat":[827],"product_tag":[842,843,845,837,828,846,844,847,823],"class_list":{"0":"post-41406","1":"product","2":"type-product","3":"status-publish","4":"has-post-thumbnail","5":"","6":"product_cat-sach","7":"product_tag-democracy","8":"product_tag-do-trung-hieu","9":"product_tag-pham-que-duong","10":"product_tag-thich-huyen-quang","11":"product_tag-thich-quang-do","12":"product_tag-tran-do","13":"product_tag-tran-khue","14":"product_tag-tuong-lai","15":"product_tag-vo-van-ai","16":"product_shipping_class-rate-1","18":"first","19":"instock","20":"shipping-taxable","21":"purchasable","22":"product-type-simple"},"_links":{"self":[{"href":"https:\/\/queme.org\/vi\/wp-json\/wp\/v2\/product\/41406","targetHints":{"allow":["GET"]}}],"collection":[{"href":"https:\/\/queme.org\/vi\/wp-json\/wp\/v2\/product"}],"about":[{"href":"https:\/\/queme.org\/vi\/wp-json\/wp\/v2\/types\/product"}],"replies":[{"embeddable":true,"href":"https:\/\/queme.org\/vi\/wp-json\/wp\/v2\/comments?post=41406"}],"wp:featuredmedia":[{"embeddable":true,"href":"https:\/\/queme.org\/vi\/wp-json\/wp\/v2\/media\/41407"}],"wp:attachment":[{"href":"https:\/\/queme.org\/vi\/wp-json\/wp\/v2\/media?parent=41406"}],"wp:term":[{"taxonomy":"product_brand","embeddable":true,"href":"https:\/\/queme.org\/vi\/wp-json\/wp\/v2\/product_brand?post=41406"},{"taxonomy":"product_cat","embeddable":true,"href":"https:\/\/queme.org\/vi\/wp-json\/wp\/v2\/product_cat?post=41406"},{"taxonomy":"product_tag","embeddable":true,"href":"https:\/\/queme.org\/vi\/wp-json\/wp\/v2\/product_tag?post=41406"}],"curies":[{"name":"wp","href":"https:\/\/api.w.org\/{rel}","templated":true}]}}